{"id":4105,"date":"2020-06-27T03:24:06","date_gmt":"2020-06-27T03:24:06","guid":{"rendered":"http:\/\/narrowaisleinc.com\/?page_id=4105"},"modified":"2025-09-29T17:13:19","modified_gmt":"2025-09-29T17:13:19","slug":"home-derek-version-x-2-spanish","status":"publish","type":"page","link":"https:\/\/narrowaisleinc.com\/es\/","title":{"rendered":"Home &#8211; Derek Version x 2 (Spanish)"},"content":{"rendered":"<p>[et_pb_section fb_built=\u00bb1&#8243; _builder_version=\u00bb4.16&#8243; background_color=\u00bb#ffffff\u00bb custom_padding=\u00bb40px||75px|||\u00bb global_colors_info=\u00bb{}\u00bb][et_pb_row _builder_version=\u00bb4.16&#8243; global_colors_info=\u00bb{}\u00bb][et_pb_column type=\u00bb4_4&#8243; _builder_version=\u00bb4.16&#8243; global_colors_info=\u00bb{}\u00bb][et_pb_text _builder_version=\u00bb4.16&#8243; header_text_color=\u00bb#cd292a\u00bb hover_enabled=\u00bb0&#8243; global_colors_info=\u00bb{}\u00bb sticky_enabled=\u00bb0&#8243;]<\/p>\n<h1 style=\"text-align: center;\"><em>Flexi almacena mayor cantidad de posiciones, en menos espacio, al menor costo <\/em><\/h1>\n<p>[\/et_pb_text][\/et_pb_column][\/et_pb_row][et_pb_row _builder_version=\u00bb4.27.4&#8243; _module_preset=\u00bbdefault\u00bb global_colors_info=\u00bb{}\u00bb locked=\u00bboff\u00bb][et_pb_column type=\u00bb4_4&#8243; _builder_version=\u00bb4.27.4&#8243; _module_preset=\u00bbdefault\u00bb global_colors_info=\u00bb{}\u00bb][et_pb_video src=\u00bbhttps:\/\/www.youtube.com\/watch?v=3TJjQf__OTE\u00bb _builder_version=\u00bb4.27.4&#8243; _module_preset=\u00bbdefault\u00bb transform_scale=\u00bb85%|85%\u00bb locked=\u00bboff\u00bb global_colors_info=\u00bb{}\u00bb][\/et_pb_video][\/et_pb_column][\/et_pb_row][et_pb_row _builder_version=\u00bb4.16&#8243; global_colors_info=\u00bb{}\u00bb][et_pb_column type=\u00bb4_4&#8243; _builder_version=\u00bb4.16&#8243; global_colors_info=\u00bb{}\u00bb][et_pb_button button_url=\u00bbhttps:\/\/narrowaisleinc.com\/es\/contact-narrow-aisle-spanish\/\u00bb button_text=\u00bbSolicitar Cotizaci\u00f3n \u00bb button_alignment=\u00bbcenter\u00bb _builder_version=\u00bb4.16&#8243; custom_button=\u00bbon\u00bb button_text_size=\u00bb25px\u00bb button_text_color=\u00bb#cd292a\u00bb button_border_color=\u00bb#cd292a\u00bb button_icon_color=\u00bb#cd292a\u00bb custom_margin=\u00bb0px||||false|false\u00bb custom_padding=\u00bb0px||0px||false|false\u00bb global_colors_info=\u00bb{}\u00bb][\/et_pb_button][\/et_pb_column][\/et_pb_row][et_pb_row _builder_version=\u00bb4.16&#8243; global_colors_info=\u00bb{}\u00bb][et_pb_column type=\u00bb4_4&#8243; _builder_version=\u00bb4.16&#8243; global_colors_info=\u00bb{}\u00bb][et_pb_divider divider_weight=\u00bb3px\u00bb _builder_version=\u00bb4.16&#8243; custom_padding=\u00bb34px||0px|||\u00bb global_colors_info=\u00bb{}\u00bb][\/et_pb_divider][\/et_pb_column][\/et_pb_row][et_pb_row _builder_version=\u00bb4.16&#8243; custom_margin=\u00bb|auto|33px|auto||\u00bb global_colors_info=\u00bb{}\u00bb][et_pb_column type=\u00bb4_4&#8243; _builder_version=\u00bb4.16&#8243; global_colors_info=\u00bb{}\u00bb][et_pb_text _builder_version=\u00bb4.27.4&#8243; global_colors_info=\u00bb{}\u00bb]<\/p>\n<p style=\"text-align: center;\"><strong>Flexi es un montacargas articulado para pasillos muy angostos, el cual su m\u00e1stil gira. Esto permite a Flexi operar en pasillos desde 1.82 a 2.43 metros. Comparado a un montacargas convencional o un apilador reach truck, los montacargas Flexi aumentan la densidad de almacenaje al reducir sus pasillos actuales.<\/strong><\/p>\n<p>[\/et_pb_text][\/et_pb_column][\/et_pb_row][et_pb_row _builder_version=\u00bb4.16&#8243; global_colors_info=\u00bb{}\u00bb][et_pb_column type=\u00bb4_4&#8243; _builder_version=\u00bb4.16&#8243; global_colors_info=\u00bb{}\u00bb][et_pb_divider divider_weight=\u00bb3px\u00bb _builder_version=\u00bb4.16&#8243; custom_padding=\u00bb||0px|||\u00bb locked=\u00bboff\u00bb global_colors_info=\u00bb{}\u00bb][\/et_pb_divider][\/et_pb_column][\/et_pb_row][et_pb_row _builder_version=\u00bb4.16&#8243; global_colors_info=\u00bb{}\u00bb][et_pb_column type=\u00bb4_4&#8243; _builder_version=\u00bb4.16&#8243; global_colors_info=\u00bb{}\u00bb][et_pb_text _builder_version=\u00bb4.16&#8243; header_text_color=\u00bb#cd292a\u00bb header_3_font=\u00bb|600|||||||\u00bb header_3_text_color=\u00bb#cd292a\u00bb header_3_font_size=\u00bb27px\u00bb global_colors_info=\u00bb{}\u00bb]<\/p>\n<h3 style=\"text-align: center;\"><em>Montacargas Convencionales requieren de un pasillo de 3.65m o mayor<\/em><\/h3>\n<p>[\/et_pb_text][\/et_pb_column][\/et_pb_row][et_pb_row _builder_version=\u00bb4.16&#8243; custom_padding=\u00bb0px||0px|||\u00bb global_colors_info=\u00bb{}\u00bb][et_pb_column type=\u00bb4_4&#8243; _builder_version=\u00bb4.16&#8243; global_colors_info=\u00bb{}\u00bb][et_pb_image src=\u00bbhttps:\/\/narrowaisleinc.com\/wp-content\/uploads\/2024\/07\/Graphic-Flexi-vs-Conventional-Forklift-Spanish.png\u00bb title_text=\u00bbGraphic &#8211; Flexi vs Conventional Forklift &#8211; Spanish\u00bb align=\u00bbcenter\u00bb _builder_version=\u00bb4.27.0&#8243; _module_preset=\u00bbdefault\u00bb transform_scale=\u00bb90%|90%\u00bb global_colors_info=\u00bb{}\u00bb][\/et_pb_image][\/et_pb_column][\/et_pb_row][et_pb_row _builder_version=\u00bb4.16&#8243; global_colors_info=\u00bb{}\u00bb][et_pb_column type=\u00bb4_4&#8243; _builder_version=\u00bb4.16&#8243; global_colors_info=\u00bb{}\u00bb][et_pb_button button_url=\u00bbhttps:\/\/narrowaisleinc.com\/es\/\u00bb button_text=\u00bbVentajas de Flexi sobre un montacargas convencional\u00bb button_alignment=\u00bbcenter\u00bb _builder_version=\u00bb4.27.0&#8243; custom_button=\u00bbon\u00bb button_text_color=\u00bb#cd292a\u00bb button_border_color=\u00bb#cd292a\u00bb button_icon_color=\u00bb#cd292a\u00bb global_colors_info=\u00bb{}\u00bb][\/et_pb_button][\/et_pb_column][\/et_pb_row][et_pb_row _builder_version=\u00bb4.16&#8243; global_colors_info=\u00bb{}\u00bb][et_pb_column type=\u00bb4_4&#8243; _builder_version=\u00bb4.16&#8243; global_colors_info=\u00bb{}\u00bb][et_pb_divider divider_weight=\u00bb3px\u00bb _builder_version=\u00bb4.16&#8243; custom_margin=\u00bb33px|||||\u00bb custom_padding=\u00bb0px|||||\u00bb global_colors_info=\u00bb{}\u00bb][\/et_pb_divider][\/et_pb_column][\/et_pb_row][et_pb_row _builder_version=\u00bb4.16&#8243; global_colors_info=\u00bb{}\u00bb][et_pb_column type=\u00bb4_4&#8243; _builder_version=\u00bb4.16&#8243; global_colors_info=\u00bb{}\u00bb][et_pb_text _builder_version=\u00bb4.16&#8243; header_text_color=\u00bb#cd292a\u00bb header_3_font=\u00bb|600|||||||\u00bb header_3_text_color=\u00bb#cd292a\u00bb header_3_font_size=\u00bb27px\u00bb global_colors_info=\u00bb{}\u00bb]<\/p>\n<h3 style=\"text-align: center;\"><em>Los montacargas Reach Truck \/ Hombre Parado requieren de un pasillo de 2.9m<\/em><\/h3>\n<p>[\/et_pb_text][\/et_pb_column][\/et_pb_row][et_pb_row _builder_version=\u00bb4.16&#8243; custom_padding=\u00bb0px||0px|||\u00bb global_colors_info=\u00bb{}\u00bb][et_pb_column type=\u00bb4_4&#8243; _builder_version=\u00bb4.16&#8243; global_colors_info=\u00bb{}\u00bb][et_pb_image src=\u00bbhttps:\/\/narrowaisleinc.com\/wp-content\/uploads\/2024\/07\/Graphic-Flexi-vs-Reach-Truck-Spanish.png\u00bb title_text=\u00bbGraphic &#8211; Flexi vs Reach Truck &#8211; Spanish\u00bb align=\u00bbcenter\u00bb _builder_version=\u00bb4.27.0&#8243; _module_preset=\u00bbdefault\u00bb transform_scale=\u00bb90%|90%\u00bb global_colors_info=\u00bb{}\u00bb][\/et_pb_image][\/et_pb_column][\/et_pb_row][et_pb_row _builder_version=\u00bb4.16&#8243; global_colors_info=\u00bb{}\u00bb][et_pb_column type=\u00bb4_4&#8243; _builder_version=\u00bb4.16&#8243; global_colors_info=\u00bb{}\u00bb][et_pb_button button_url=\u00bbhttps:\/\/narrowaisleinc.com\/es\/\u00bb button_text=\u00bbVentajas de Flexi sobre un Reach Truck \/ Hombre Parado\u00bb button_alignment=\u00bbcenter\u00bb _builder_version=\u00bb4.27.0&#8243; custom_button=\u00bbon\u00bb button_text_color=\u00bb#cd292a\u00bb button_border_color=\u00bb#cd292a\u00bb button_icon_color=\u00bb#cd292a\u00bb global_colors_info=\u00bb{}\u00bb][\/et_pb_button][\/et_pb_column][\/et_pb_row][et_pb_row _builder_version=\u00bb4.16&#8243; global_colors_info=\u00bb{}\u00bb][et_pb_column type=\u00bb4_4&#8243; _builder_version=\u00bb4.16&#8243; global_colors_info=\u00bb{}\u00bb][et_pb_divider divider_weight=\u00bb3px\u00bb _builder_version=\u00bb4.16&#8243; custom_padding=\u00bb33px|||||\u00bb global_colors_info=\u00bb{}\u00bb][\/et_pb_divider][\/et_pb_column][\/et_pb_row][et_pb_row _builder_version=\u00bb4.16&#8243; global_colors_info=\u00bb{}\u00bb][et_pb_column type=\u00bb4_4&#8243; _builder_version=\u00bb4.16&#8243; global_colors_info=\u00bb{}\u00bb][et_pb_text _builder_version=\u00bb4.16&#8243; header_text_color=\u00bb#cd292a\u00bb header_3_font=\u00bb|600|||||||\u00bb header_3_text_color=\u00bb#cd292a\u00bb header_3_font_size=\u00bb27px\u00bb global_colors_info=\u00bb{}\u00bb]<\/p>\n<h3 style=\"text-align: center;\"><em>Los montacargas trilaterales usualmente requieren de una guia magnetica o rieles de guia<\/em><\/h3>\n<p>[\/et_pb_text][\/et_pb_column][\/et_pb_row][et_pb_row _builder_version=\u00bb4.16&#8243; custom_padding=\u00bb0px||0px|||\u00bb global_colors_info=\u00bb{}\u00bb][et_pb_column type=\u00bb4_4&#8243; _builder_version=\u00bb4.16&#8243; global_colors_info=\u00bb{}\u00bb][et_pb_image src=\u00bbhttps:\/\/narrowaisleinc.com\/wp-content\/uploads\/2024\/07\/Graphic-Flexi-vs-Turret-Truck-Spanish.png\u00bb title_text=\u00bbGraphic &#8211; Flexi vs Turret Truck &#8211; Spanish\u00bb align=\u00bbcenter\u00bb _builder_version=\u00bb4.27.0&#8243; _module_preset=\u00bbdefault\u00bb transform_scale=\u00bb90%|90%\u00bb global_colors_info=\u00bb{}\u00bb][\/et_pb_image][\/et_pb_column][\/et_pb_row][et_pb_row _builder_version=\u00bb4.16&#8243; custom_margin=\u00bb|auto|33px|auto||\u00bb custom_padding=\u00bb18px|||||\u00bb global_colors_info=\u00bb{}\u00bb][et_pb_column type=\u00bb4_4&#8243; _builder_version=\u00bb4.16&#8243; global_colors_info=\u00bb{}\u00bb][et_pb_button button_url=\u00bbhttps:\/\/narrowaisleinc.com\/es\/\u00bb button_text=\u00bbVentajas de Flexi Sobre los Equipos Trilaterales\u00bb button_alignment=\u00bbcenter\u00bb _builder_version=\u00bb4.27.0&#8243; custom_button=\u00bbon\u00bb button_text_color=\u00bb#cd292a\u00bb button_border_color=\u00bb#cd292a\u00bb button_icon_color=\u00bb#cd292a\u00bb global_colors_info=\u00bb{}\u00bb][\/et_pb_button][\/et_pb_column][\/et_pb_row][et_pb_row _builder_version=\u00bb4.16&#8243; custom_margin=\u00bb18px|auto||auto||\u00bb global_colors_info=\u00bb{}\u00bb][et_pb_column type=\u00bb4_4&#8243; _builder_version=\u00bb4.16&#8243; global_colors_info=\u00bb{}\u00bb][et_pb_divider divider_weight=\u00bb3px\u00bb _builder_version=\u00bb4.16&#8243; global_colors_info=\u00bb{}\u00bb][\/et_pb_divider][\/et_pb_column][\/et_pb_row][et_pb_row _builder_version=\u00bb4.16&#8243; locked=\u00bboff\u00bb global_colors_info=\u00bb{}\u00bb][et_pb_column type=\u00bb4_4&#8243; _builder_version=\u00bb4.16&#8243; global_colors_info=\u00bb{}\u00bb][et_pb_text _builder_version=\u00bb4.27.4&#8243; text_text_color=\u00bb#cd292a\u00bb text_font_size=\u00bb19px\u00bb header_text_color=\u00bb#cd292a\u00bb header_3_text_color=\u00bb#cd292a\u00bb header_3_font_size=\u00bb33px\u00bb custom_padding=\u00bb||40px|||\u00bb global_colors_info=\u00bb{}\u00bb]<\/p>\n<h1 style=\"text-align: center;\">Contacte a Flexi &#8211; Sunbelt Material Handling<\/h1>\n<p style=\"text-align: center;\">Complete el formulario a continuaci\u00f3n para obtener m\u00e1s informaci\u00f3n.<\/p>\n<p style=\"text-align: center;\">\u00a1Un empleado de Flexi &#8211; Sunbelt Material Handling se pondr\u00e1 en contacto a la brevedad!<\/p>\n<p>[\/et_pb_text][et_pb_contact_form email=\u00bbdmorrison@sunbeltmh.com,jgarcia@sunbeltmh.com\u00bb use_redirect=\u00bbon\u00bb redirect_url=\u00bbhttps:\/\/narrowaisleinc.com\/thank-you-contact-us-form-spanish\/\u00bb success_message=\u00bb\u00a1Un empleado de Flexi &#8211; Sunbelt Material Handling se pondr\u00e1 en contacto a la brevedad!\u00bb submit_button_text=\u00bbEnviar\u00bb module_id=\u00bbet_pb_contact_form_0&#8243; _builder_version=\u00bb4.27.4&#8243; _unique_id=\u00bb77fb016e-3399-4ab4-b1eb-f3d6f2fb30b5&#8243; form_field_font=\u00bb||||||||\u00bb form_field_text_align=\u00bbcenter\u00bb form_field_font_size=\u00bb17px\u00bb custom_button=\u00bbon\u00bb button_text_color=\u00bb#cd292a\u00bb button_border_color=\u00bb#cd292a\u00bb button_icon_color=\u00bb#cd292a\u00bb text_orientation=\u00bbleft\u00bb locked=\u00bboff\u00bb global_colors_info=\u00bb{}\u00bb][et_pb_contact_field field_id=\u00bbFirst_Name\u00bb field_title=\u00bbNombre\u00bb _builder_version=\u00bb4.16&#8243; text_orientation=\u00bbcenter\u00bb global_colors_info=\u00bb{}\u00bb button_text_size__hover_enabled=\u00bboff\u00bb button_one_text_size__hover_enabled=\u00bboff\u00bb button_two_text_size__hover_enabled=\u00bboff\u00bb button_text_color__hover_enabled=\u00bboff\u00bb button_one_text_color__hover_enabled=\u00bboff\u00bb button_two_text_color__hover_enabled=\u00bboff\u00bb button_border_width__hover_enabled=\u00bboff\u00bb button_one_border_width__hover_enabled=\u00bboff\u00bb button_two_border_width__hover_enabled=\u00bboff\u00bb button_border_color__hover_enabled=\u00bboff\u00bb button_one_border_color__hover_enabled=\u00bboff\u00bb button_two_border_color__hover_enabled=\u00bboff\u00bb button_border_radius__hover_enabled=\u00bboff\u00bb button_one_border_radius__hover_enabled=\u00bboff\u00bb button_two_border_radius__hover_enabled=\u00bboff\u00bb button_letter_spacing__hover_enabled=\u00bboff\u00bb button_one_letter_spacing__hover_enabled=\u00bboff\u00bb button_two_letter_spacing__hover_enabled=\u00bboff\u00bb button_bg_color__hover_enabled=\u00bboff\u00bb button_one_bg_color__hover_enabled=\u00bboff\u00bb button_two_bg_color__hover_enabled=\u00bboff\u00bb][\/et_pb_contact_field][et_pb_contact_field field_id=\u00bbLast_Name\u00bb field_title=\u00bbApellido\u00bb _builder_version=\u00bb4.16&#8243; text_orientation=\u00bbcenter\u00bb global_colors_info=\u00bb{}\u00bb][\/et_pb_contact_field][et_pb_contact_field field_id=\u00bb%%email%%\u00bb field_title=\u00bbCorreo Electr\u00f3nico\u00bb field_type=\u00bbemail\u00bb _builder_version=\u00bb4.27.0&#8243; text_orientation=\u00bbcenter\u00bb global_colors_info=\u00bb{}\u00bb button_text_size__hover_enabled=\u00bboff\u00bb button_one_text_size__hover_enabled=\u00bboff\u00bb button_two_text_size__hover_enabled=\u00bboff\u00bb button_text_color__hover_enabled=\u00bboff\u00bb button_one_text_color__hover_enabled=\u00bboff\u00bb button_two_text_color__hover_enabled=\u00bboff\u00bb button_border_width__hover_enabled=\u00bboff\u00bb button_one_border_width__hover_enabled=\u00bboff\u00bb button_two_border_width__hover_enabled=\u00bboff\u00bb button_border_color__hover_enabled=\u00bboff\u00bb button_one_border_color__hover_enabled=\u00bboff\u00bb button_two_border_color__hover_enabled=\u00bboff\u00bb button_border_radius__hover_enabled=\u00bboff\u00bb button_one_border_radius__hover_enabled=\u00bboff\u00bb button_two_border_radius__hover_enabled=\u00bboff\u00bb button_letter_spacing__hover_enabled=\u00bboff\u00bb button_one_letter_spacing__hover_enabled=\u00bboff\u00bb button_two_letter_spacing__hover_enabled=\u00bboff\u00bb button_bg_color__hover_enabled=\u00bboff\u00bb button_one_bg_color__hover_enabled=\u00bboff\u00bb button_two_bg_color__hover_enabled=\u00bboff\u00bb][\/et_pb_contact_field][et_pb_contact_field field_id=\u00bbPhone_Number\u00bb field_title=\u00bbNumero Telef\u00f3nico\u00bb _builder_version=\u00bb4.16&#8243; text_orientation=\u00bbcenter\u00bb global_colors_info=\u00bb{}\u00bb][\/et_pb_contact_field][et_pb_contact_field field_id=\u00bbCompany_Name\u00bb field_title=\u00bbNombre de Empresa\u00bb _builder_version=\u00bb4.16&#8243; text_orientation=\u00bbcenter\u00bb global_colors_info=\u00bb{}\u00bb][\/et_pb_contact_field][et_pb_contact_field field_id=\u00bbCity\u00bb field_title=\u00bbCiudad\u00bb _builder_version=\u00bb4.16&#8243; text_orientation=\u00bbcenter\u00bb global_colors_info=\u00bb{}\u00bb][\/et_pb_contact_field][et_pb_contact_field field_id=\u00bbMessage\u00bb field_title=\u00bbMensaje\u00bb field_type=\u00bbtext\u00bb fullwidth_field=\u00bbon\u00bb _builder_version=\u00bb4.16&#8243; text_orientation=\u00bbcenter\u00bb global_colors_info=\u00bb{}\u00bb button_text_size__hover_enabled=\u00bboff\u00bb button_one_text_size__hover_enabled=\u00bboff\u00bb button_two_text_size__hover_enabled=\u00bboff\u00bb button_text_color__hover_enabled=\u00bboff\u00bb button_one_text_color__hover_enabled=\u00bboff\u00bb button_two_text_color__hover_enabled=\u00bboff\u00bb button_border_width__hover_enabled=\u00bboff\u00bb button_one_border_width__hover_enabled=\u00bboff\u00bb button_two_border_width__hover_enabled=\u00bboff\u00bb button_border_color__hover_enabled=\u00bboff\u00bb button_one_border_color__hover_enabled=\u00bboff\u00bb button_two_border_color__hover_enabled=\u00bboff\u00bb button_border_radius__hover_enabled=\u00bboff\u00bb button_one_border_radius__hover_enabled=\u00bboff\u00bb button_two_border_radius__hover_enabled=\u00bboff\u00bb button_letter_spacing__hover_enabled=\u00bboff\u00bb button_one_letter_spacing__hover_enabled=\u00bboff\u00bb button_two_letter_spacing__hover_enabled=\u00bboff\u00bb button_bg_color__hover_enabled=\u00bboff\u00bb button_one_bg_color__hover_enabled=\u00bboff\u00bb button_two_bg_color__hover_enabled=\u00bboff\u00bb][\/et_pb_contact_field][et_pb_contact_field field_id=\u00bbField_8&#8243; field_title=\u00bbEstoy Interesado En:\u00bb field_type=\u00bbradio\u00bb radio_options=\u00bb%91{%22value%22:%22Cotizacion Flexi Nuevo%22,%22checked%22:0,%22dragID%22:-1},{%22value%22:%22Partes%22,%22checked%22:0,%22dragID%22:0},{%22value%22:%22Diagnostico \/ Soporte Postventa%22,%22checked%22:0,%22dragID%22:1},{%22value%22:%22Otros%22,%22checked%22:0,%22dragID%22:2}%93&#8243; fullwidth_field=\u00bbon\u00bb _builder_version=\u00bb4.27.0&#8243; global_colors_info=\u00bb{}\u00bb][\/et_pb_contact_field][\/et_pb_contact_form][\/et_pb_column][\/et_pb_row][\/et_pb_section]<\/p>\n","protected":false},"excerpt":{"rendered":"<p>Flexi almacena mayor cantidad de posiciones, en menos espacio, al menor costo Flexi es un montacargas articulado para pasillos muy angostos, el cual su m\u00e1stil gira. Esto permite a Flexi operar en pasillos desde 1.82 a 2.43 metros. Comparado a un montacargas convencional o un apilador reach truck, los montacargas Flexi aumentan la densidad de [&hellip;]<\/p>\n","protected":false},"author":8,"featured_media":0,"parent":0,"menu_order":0,"comment_status":"closed","ping_status":"closed","template":"","meta":{"_et_pb_use_builder":"on","_et_pb_old_content":"","_et_gb_content_width":"","_monsterinsights_skip_tracking":false,"_monsterinsights_sitenote_active":false,"_monsterinsights_sitenote_note":"","_monsterinsights_sitenote_category":0,"footnotes":""},"class_list":["post-4105","page","type-page","status-publish","hentry"],"yoast_head":"<!-- This site is optimized with the Yoast SEO plugin v27.3 - https:\/\/yoast.com\/product\/yoast-seo-wordpress\/ -->\n<title>Carretilla elevadora de pasillo estrecho | Carretilla elevadora flexible | Carretilla retr\u00e1ctil | Carretilla de torreta<\/title>\n<meta name=\"description\" content=\"Las carretillas elevadoras Flexi para pasillos estrechos operan en pasillos de hasta 1,8 m de ancho. Las carretillas articuladas Flexi ofrecen hasta un 20 % m\u00e1s de posiciones para pal\u00e9s que las carretillas de torreta, las carretillas retr\u00e1ctiles y las carretillas retr\u00e1ctiles giratorias.\" \/>\n<meta name=\"robots\" content=\"index, follow, max-snippet:-1, max-image-preview:large, max-video-preview:-1\" \/>\n<link rel=\"canonical\" href=\"https:\/\/narrowaisleinc.com\/\" \/>\n<meta property=\"og:locale\" content=\"es_ES\" \/>\n<meta property=\"og:type\" content=\"article\" \/>\n<meta property=\"og:title\" content=\"Carretilla elevadora de pasillo estrecho | Carretilla elevadora flexible | Carretilla retr\u00e1ctil | Carretilla de torreta\" \/>\n<meta property=\"og:description\" content=\"Las carretillas elevadoras Flexi para pasillos estrechos operan en pasillos de hasta 1,8 m de ancho. Las carretillas articuladas Flexi ofrecen hasta un 20 % m\u00e1s de posiciones para pal\u00e9s que las carretillas de torreta, las carretillas retr\u00e1ctiles y las carretillas retr\u00e1ctiles giratorias.\" \/>\n<meta property=\"og:url\" content=\"https:\/\/narrowaisleinc.com\/\" \/>\n<meta property=\"og:site_name\" content=\"Narrow Aisle\" \/>\n<meta property=\"article:modified_time\" content=\"2025-09-29T17:13:19+00:00\" \/>\n<meta name=\"twitter:card\" content=\"summary_large_image\" \/>\n<meta name=\"twitter:label1\" content=\"Tiempo de lectura\" \/>\n\t<meta name=\"twitter:data1\" content=\"2 minutos\" \/>\n<script type=\"application\/ld+json\" class=\"yoast-schema-graph\">{\"@context\":\"https:\\\/\\\/schema.org\",\"@graph\":[{\"@type\":\"WebPage\",\"@id\":\"https:\\\/\\\/narrowaisleinc.com\\\/\",\"url\":\"https:\\\/\\\/narrowaisleinc.com\\\/\",\"name\":\"Carretilla elevadora de pasillo estrecho | Carretilla elevadora flexible | Carretilla retr\u00e1ctil | Carretilla de torreta\",\"isPartOf\":{\"@id\":\"https:\\\/\\\/narrowaisleinc.com\\\/#website\"},\"datePublished\":\"2020-06-27T03:24:06+00:00\",\"dateModified\":\"2025-09-29T17:13:19+00:00\",\"description\":\"Las carretillas elevadoras Flexi para pasillos estrechos operan en pasillos de hasta 1,8 m de ancho. Las carretillas articuladas Flexi ofrecen hasta un 20 % m\u00e1s de posiciones para pal\u00e9s que las carretillas de torreta, las carretillas retr\u00e1ctiles y las carretillas retr\u00e1ctiles giratorias.\",\"breadcrumb\":{\"@id\":\"https:\\\/\\\/narrowaisleinc.com\\\/#breadcrumb\"},\"inLanguage\":\"es\",\"potentialAction\":[{\"@type\":\"ReadAction\",\"target\":[\"https:\\\/\\\/narrowaisleinc.com\\\/\"]}]},{\"@type\":\"BreadcrumbList\",\"@id\":\"https:\\\/\\\/narrowaisleinc.com\\\/#breadcrumb\",\"itemListElement\":[{\"@type\":\"ListItem\",\"position\":1,\"name\":\"Home\",\"item\":\"https:\\\/\\\/narrowaisleinc.com\\\/\"},{\"@type\":\"ListItem\",\"position\":2,\"name\":\"Home &#8211; Derek Version x 2 (Spanish)\"}]},{\"@type\":\"WebSite\",\"@id\":\"https:\\\/\\\/narrowaisleinc.com\\\/#website\",\"url\":\"https:\\\/\\\/narrowaisleinc.com\\\/\",\"name\":\"Narrow Aisle\",\"description\":\"Hogar del Montacargas Flexi\",\"potentialAction\":[{\"@type\":\"SearchAction\",\"target\":{\"@type\":\"EntryPoint\",\"urlTemplate\":\"https:\\\/\\\/narrowaisleinc.com\\\/?s={search_term_string}\"},\"query-input\":{\"@type\":\"PropertyValueSpecification\",\"valueRequired\":true,\"valueName\":\"search_term_string\"}}],\"inLanguage\":\"es\"}]}<\/script>\n<!-- \/ Yoast SEO plugin. -->","yoast_head_json":{"title":"Carretilla elevadora de pasillo estrecho | Carretilla elevadora flexible | Carretilla retr\u00e1ctil | Carretilla de torreta","description":"Las carretillas elevadoras Flexi para pasillos estrechos operan en pasillos de hasta 1,8 m de ancho. Las carretillas articuladas Flexi ofrecen hasta un 20 % m\u00e1s de posiciones para pal\u00e9s que las carretillas de torreta, las carretillas retr\u00e1ctiles y las carretillas retr\u00e1ctiles giratorias.","robots":{"index":"index","follow":"follow","max-snippet":"max-snippet:-1","max-image-preview":"max-image-preview:large","max-video-preview":"max-video-preview:-1"},"canonical":"https:\/\/narrowaisleinc.com\/","og_locale":"es_ES","og_type":"article","og_title":"Carretilla elevadora de pasillo estrecho | Carretilla elevadora flexible | Carretilla retr\u00e1ctil | Carretilla de torreta","og_description":"Las carretillas elevadoras Flexi para pasillos estrechos operan en pasillos de hasta 1,8 m de ancho. Las carretillas articuladas Flexi ofrecen hasta un 20 % m\u00e1s de posiciones para pal\u00e9s que las carretillas de torreta, las carretillas retr\u00e1ctiles y las carretillas retr\u00e1ctiles giratorias.","og_url":"https:\/\/narrowaisleinc.com\/","og_site_name":"Narrow Aisle","article_modified_time":"2025-09-29T17:13:19+00:00","twitter_card":"summary_large_image","twitter_misc":{"Tiempo de lectura":"2 minutos"},"schema":{"@context":"https:\/\/schema.org","@graph":[{"@type":"WebPage","@id":"https:\/\/narrowaisleinc.com\/","url":"https:\/\/narrowaisleinc.com\/","name":"Carretilla elevadora de pasillo estrecho | Carretilla elevadora flexible | Carretilla retr\u00e1ctil | Carretilla de torreta","isPartOf":{"@id":"https:\/\/narrowaisleinc.com\/#website"},"datePublished":"2020-06-27T03:24:06+00:00","dateModified":"2025-09-29T17:13:19+00:00","description":"Las carretillas elevadoras Flexi para pasillos estrechos operan en pasillos de hasta 1,8 m de ancho. Las carretillas articuladas Flexi ofrecen hasta un 20 % m\u00e1s de posiciones para pal\u00e9s que las carretillas de torreta, las carretillas retr\u00e1ctiles y las carretillas retr\u00e1ctiles giratorias.","breadcrumb":{"@id":"https:\/\/narrowaisleinc.com\/#breadcrumb"},"inLanguage":"es","potentialAction":[{"@type":"ReadAction","target":["https:\/\/narrowaisleinc.com\/"]}]},{"@type":"BreadcrumbList","@id":"https:\/\/narrowaisleinc.com\/#breadcrumb","itemListElement":[{"@type":"ListItem","position":1,"name":"Home","item":"https:\/\/narrowaisleinc.com\/"},{"@type":"ListItem","position":2,"name":"Home &#8211; Derek Version x 2 (Spanish)"}]},{"@type":"WebSite","@id":"https:\/\/narrowaisleinc.com\/#website","url":"https:\/\/narrowaisleinc.com\/","name":"Narrow Aisle","description":"Hogar del Montacargas Flexi","potentialAction":[{"@type":"SearchAction","target":{"@type":"EntryPoint","urlTemplate":"https:\/\/narrowaisleinc.com\/?s={search_term_string}"},"query-input":{"@type":"PropertyValueSpecification","valueRequired":true,"valueName":"search_term_string"}}],"inLanguage":"es"}]}},"_links":{"self":[{"href":"https:\/\/narrowaisleinc.com\/es\/wp-json\/wp\/v2\/pages\/4105","targetHints":{"allow":["GET"]}}],"collection":[{"href":"https:\/\/narrowaisleinc.com\/es\/wp-json\/wp\/v2\/pages"}],"about":[{"href":"https:\/\/narrowaisleinc.com\/es\/wp-json\/wp\/v2\/types\/page"}],"author":[{"embeddable":true,"href":"https:\/\/narrowaisleinc.com\/es\/wp-json\/wp\/v2\/users\/8"}],"replies":[{"embeddable":true,"href":"https:\/\/narrowaisleinc.com\/es\/wp-json\/wp\/v2\/comments?post=4105"}],"version-history":[{"count":12,"href":"https:\/\/narrowaisleinc.com\/es\/wp-json\/wp\/v2\/pages\/4105\/revisions"}],"predecessor-version":[{"id":5348,"href":"https:\/\/narrowaisleinc.com\/es\/wp-json\/wp\/v2\/pages\/4105\/revisions\/5348"}],"wp:attachment":[{"href":"https:\/\/narrowaisleinc.com\/es\/wp-json\/wp\/v2\/media?parent=4105"}],"curies":[{"name":"wp","href":"https:\/\/api.w.org\/{rel}","templated":true}]}}