{"id":4077,"date":"2020-06-26T16:18:18","date_gmt":"2020-06-26T16:18:18","guid":{"rendered":"http:\/\/narrowaisleinc.com\/?page_id=4077"},"modified":"2025-01-07T16:08:14","modified_gmt":"2025-01-07T16:08:14","slug":"narrow-aisle-forklift-flexi-22s-spanish","status":"publish","type":"page","link":"https:\/\/narrowaisleinc.com\/es\/narrow-aisle-forklift-flexi-22s-spanish\/","title":{"rendered":"Flexi 22S+ (Spanish)"},"content":{"rendered":"<p>[et_pb_section fb_built=\u00bb1&#8243; _builder_version=\u00bb4.16&#8243; custom_padding=\u00bb31px||100px|||\u00bb global_colors_info=\u00bb{}\u00bb][et_pb_row column_structure=\u00bb2_5,3_5&#8243; _builder_version=\u00bb4.16&#8243; custom_padding=\u00bb0px||0px|||\u00bb global_colors_info=\u00bb{}\u00bb][et_pb_column type=\u00bb2_5&#8243; _builder_version=\u00bb4.16&#8243; global_colors_info=\u00bb{}\u00bb][et_pb_image src=\u00bbhttps:\/\/narrowaisleinc.com\/wp-content\/uploads\/2025\/01\/Flexi-22S-1.png\u00bb alt=\u00bbFlexi 22S+ Articulating Forklift\u00bb title_text=\u00bbFlexi 22S+ &#8211; 1&#8243; show_bottom_space=\u00bboff\u00bb align=\u00bbcenter\u00bb _builder_version=\u00bb4.27.4&#8243; transform_scale=\u00bb85%|85%\u00bb custom_margin=\u00bb0px||||false|false\u00bb hover_enabled=\u00bb0&#8243; border_radii=\u00bbon|50px|50px|50px|50px\u00bb locked=\u00bboff\u00bb global_colors_info=\u00bb{}\u00bb sticky_enabled=\u00bb0&#8243;][\/et_pb_image][\/et_pb_column][et_pb_column type=\u00bb3_5&#8243; _builder_version=\u00bb4.16&#8243; global_colors_info=\u00bb{}\u00bb][et_pb_tabs _builder_version=\u00bb4.27.4&#8243; body_font_size=\u00bb19px\u00bb tab_font_size=\u00bb14px\u00bb hover_enabled=\u00bb0&#8243; global_colors_info=\u00bb{}\u00bb custom_margin=\u00bb60px||||false|false\u00bb sticky_enabled=\u00bb0&#8243;][et_pb_tab title=\u00bbEspecificaciones\u00bb _builder_version=\u00bb4.27.4&#8243; global_colors_info=\u00bb{}\u00bb]<\/p>\n<p><strong>Energia:<\/strong><\/p>\n<ul>\n<li>Bater\u00eda 48-Voltios<\/li>\n<li>Bater\u00eda Lithium-ion Compatible<\/li>\n<\/ul>\n<p><strong>Capacidad:<\/strong><\/p>\n<ul>\n<li>2177 kg<\/li>\n<\/ul>\n<p><strong>M\u00e1xima Altura de Elevaci\u00f3n:<\/strong><\/p>\n<ul>\n<li>10.54 Metros<\/li>\n<\/ul>\n<p><strong>Pasillo de Trabajo:<\/strong><\/p>\n<ul>\n<li>2.28 Metros<\/li>\n<\/ul>\n<p>&nbsp;<\/p>\n<p>&nbsp;<\/p>\n<p>[\/et_pb_tab][et_pb_tab title=\u00bbFolleto\u00bb _builder_version=\u00bb4.27.4&#8243; global_colors_info=\u00bb{}\u00bb]<\/p>\n<p><a href=\"https:\/\/narrowaisleinc.com\/wp-content\/uploads\/2025\/01\/Flexi-Brochure.pdf\" rel=\"attachment wp-att-4302\">Flexi 22S+<\/a><\/p>\n<p>[\/et_pb_tab][\/et_pb_tabs][\/et_pb_column][\/et_pb_row][et_pb_row _builder_version=\u00bb4.16&#8243; custom_margin=\u00bb40px|auto||auto||\u00bb custom_padding=\u00bb0px|||||\u00bb global_colors_info=\u00bb{}\u00bb][et_pb_column type=\u00bb4_4&#8243; _builder_version=\u00bb4.16&#8243; global_colors_info=\u00bb{}\u00bb][et_pb_button button_url=\u00bb#flexi1000&#8243; button_text=\u00bbSolicitar Cotizaci\u00f3n \u00bb button_alignment=\u00bbcenter\u00bb module_class=\u00bbopen-toggle\u00bb _builder_version=\u00bb4.16&#8243; custom_button=\u00bbon\u00bb button_text_color=\u00bb#cd292a\u00bb button_border_color=\u00bb#cd292a\u00bb button_icon_color=\u00bb#cd292a\u00bb custom_margin=\u00bb-29px|||||\u00bb locked=\u00bboff\u00bb global_colors_info=\u00bb{}\u00bb][\/et_pb_button][\/et_pb_column][\/et_pb_row][et_pb_row _builder_version=\u00bb4.16&#8243; custom_margin=\u00bb50px|auto|40px|auto||\u00bb global_colors_info=\u00bb{}\u00bb][et_pb_column type=\u00bb4_4&#8243; _builder_version=\u00bb4.16&#8243; global_colors_info=\u00bb{}\u00bb][et_pb_text _builder_version=\u00bb4.27.4&#8243; global_colors_info=\u00bb{}\u00bb]<\/p>\n<h2 style=\"text-align: center;\"><strong>Ventajas del Equipo Flexi 22S+ Para Pasillo Angosto<\/strong><\/h2>\n<p>[\/et_pb_text][\/et_pb_column][\/et_pb_row][et_pb_row column_structure=\u00bb1_2,1_2&#8243; _builder_version=\u00bb4.16&#8243; global_colors_info=\u00bb{}\u00bb][et_pb_column type=\u00bb1_2&#8243; _builder_version=\u00bb4.16&#8243; global_colors_info=\u00bb{}\u00bb][et_pb_text _builder_version=\u00bb4.16&#8243; text_font_size=\u00bb16px\u00bb header_4_font_size=\u00bb23px\u00bb global_colors_info=\u00bb{}\u00bb]<\/p>\n<h4 style=\"text-align: center;\">Chasis True Radius<\/h4>\n<div style=\"text-align: center;\">El dise\u00f1o compacto de chasis permite operar a elevadas alturas y trabajar con cargas m\u00e1s pesadas sin la necesidad de sobre extender el chasis y ruedas traseras.<\/div>\n<div><\/div>\n<p>[\/et_pb_text][\/et_pb_column][et_pb_column type=\u00bb1_2&#8243; _builder_version=\u00bb4.16&#8243; global_colors_info=\u00bb{}\u00bb][et_pb_text _builder_version=\u00bb4.16&#8243; text_font_size=\u00bb16px\u00bb header_4_font_size=\u00bb23px\u00bb global_colors_info=\u00bb{}\u00bb]<\/p>\n<h4 style=\"text-align: center;\">Seguridad<\/h4>\n<p style=\"text-align: center;\">Es posible utilizar accesorios como sistema de c\u00e1mara CCTV o selector de alturas programable para una f\u00e1cil operaci\u00f3n.<\/p>\n<p>[\/et_pb_text][\/et_pb_column][\/et_pb_row][et_pb_row _builder_version=\u00bb4.16&#8243; custom_padding=\u00bb50px|||||\u00bb global_colors_info=\u00bb{}\u00bb][et_pb_column type=\u00bb4_4&#8243; _builder_version=\u00bb4.16&#8243; global_colors_info=\u00bb{}\u00bb][et_pb_text module_id=\u00bbflexi1000&#8243; _builder_version=\u00bb4.27.4&#8243; locked=\u00bboff\u00bb global_colors_info=\u00bb{}\u00bb]<\/p>\n<h2 style=\"text-align: center;\"><strong>Contacte a Flexi &#8211; Sunbelt Material Handling<\/strong><\/h2>\n<p style=\"text-align: center;\">Complete el formulario a continuaci\u00f3n para obtener m\u00e1s informaci\u00f3n. \u00a1Un empleado de Flexi &#8211; Sunbelt Material Handling se pondr\u00e1 en contacto a la brevedad!<\/p>\n<p>[\/et_pb_text][\/et_pb_column][\/et_pb_row][et_pb_row _builder_version=\u00bb4.16&#8243; custom_padding=\u00bb60px|||||\u00bb locked=\u00bboff\u00bb global_colors_info=\u00bb{}\u00bb][et_pb_column type=\u00bb4_4&#8243; _builder_version=\u00bb4.16&#8243; global_colors_info=\u00bb{}\u00bb][et_pb_contact_form email=\u00bbdmorrison@sunbeltmh.com,jgarcia@sunbeltmh.com\u00bb use_redirect=\u00bbon\u00bb redirect_url=\u00bbhttps:\/\/narrowaisleinc.com\/thank-you-contact-us-form-spanish\/\u00bb success_message=\u00bb\u00a1Un empleado de Narrow Aisle Inc  se pondr\u00e1 en contacto a la brevedad!\u00bb submit_button_text=\u00bbEnviar\u00bb module_id=\u00bbet_pb_contact_form_0&#8243; _builder_version=\u00bb4.27.4&#8243; _unique_id=\u00bb69ee2f46-fefb-49a6-b4b2-8acf4b811a83&#8243; form_field_font=\u00bb||||||||\u00bb form_field_text_align=\u00bbcenter\u00bb form_field_font_size=\u00bb17px\u00bb custom_button=\u00bbon\u00bb button_text_color=\u00bb#cd292a\u00bb button_border_color=\u00bb#cd292a\u00bb button_icon_color=\u00bb#cd292a\u00bb text_orientation=\u00bbleft\u00bb locked=\u00bboff\u00bb global_colors_info=\u00bb{}\u00bb][et_pb_contact_field field_id=\u00bbFirst_Name\u00bb field_title=\u00bbNombre\u00bb _builder_version=\u00bb4.16&#8243; text_orientation=\u00bbcenter\u00bb global_colors_info=\u00bb{}\u00bb button_text_size__hover_enabled=\u00bboff\u00bb button_one_text_size__hover_enabled=\u00bboff\u00bb button_two_text_size__hover_enabled=\u00bboff\u00bb button_text_color__hover_enabled=\u00bboff\u00bb button_one_text_color__hover_enabled=\u00bboff\u00bb button_two_text_color__hover_enabled=\u00bboff\u00bb button_border_width__hover_enabled=\u00bboff\u00bb button_one_border_width__hover_enabled=\u00bboff\u00bb button_two_border_width__hover_enabled=\u00bboff\u00bb button_border_color__hover_enabled=\u00bboff\u00bb button_one_border_color__hover_enabled=\u00bboff\u00bb button_two_border_color__hover_enabled=\u00bboff\u00bb button_border_radius__hover_enabled=\u00bboff\u00bb button_one_border_radius__hover_enabled=\u00bboff\u00bb button_two_border_radius__hover_enabled=\u00bboff\u00bb button_letter_spacing__hover_enabled=\u00bboff\u00bb button_one_letter_spacing__hover_enabled=\u00bboff\u00bb button_two_letter_spacing__hover_enabled=\u00bboff\u00bb button_bg_color__hover_enabled=\u00bboff\u00bb button_one_bg_color__hover_enabled=\u00bboff\u00bb button_two_bg_color__hover_enabled=\u00bboff\u00bb][\/et_pb_contact_field][et_pb_contact_field field_id=\u00bbLast_Name\u00bb field_title=\u00bbApellido\u00bb _builder_version=\u00bb4.16&#8243; text_orientation=\u00bbcenter\u00bb global_colors_info=\u00bb{}\u00bb][\/et_pb_contact_field][et_pb_contact_field field_id=\u00bb%%email%%\u00bb field_title=\u00bbEmail \u00bb field_type=\u00bbemail\u00bb _builder_version=\u00bb4.16&#8243; text_orientation=\u00bbcenter\u00bb global_colors_info=\u00bb{}\u00bb button_text_size__hover_enabled=\u00bboff\u00bb button_one_text_size__hover_enabled=\u00bboff\u00bb button_two_text_size__hover_enabled=\u00bboff\u00bb button_text_color__hover_enabled=\u00bboff\u00bb button_one_text_color__hover_enabled=\u00bboff\u00bb button_two_text_color__hover_enabled=\u00bboff\u00bb button_border_width__hover_enabled=\u00bboff\u00bb button_one_border_width__hover_enabled=\u00bboff\u00bb button_two_border_width__hover_enabled=\u00bboff\u00bb button_border_color__hover_enabled=\u00bboff\u00bb button_one_border_color__hover_enabled=\u00bboff\u00bb button_two_border_color__hover_enabled=\u00bboff\u00bb button_border_radius__hover_enabled=\u00bboff\u00bb button_one_border_radius__hover_enabled=\u00bboff\u00bb button_two_border_radius__hover_enabled=\u00bboff\u00bb button_letter_spacing__hover_enabled=\u00bboff\u00bb button_one_letter_spacing__hover_enabled=\u00bboff\u00bb button_two_letter_spacing__hover_enabled=\u00bboff\u00bb button_bg_color__hover_enabled=\u00bboff\u00bb button_one_bg_color__hover_enabled=\u00bboff\u00bb button_two_bg_color__hover_enabled=\u00bboff\u00bb][\/et_pb_contact_field][et_pb_contact_field field_id=\u00bbPhone_Number\u00bb field_title=\u00bbNumero Telef\u00f3nico\u00bb _builder_version=\u00bb4.16&#8243; text_orientation=\u00bbcenter\u00bb global_colors_info=\u00bb{}\u00bb][\/et_pb_contact_field][et_pb_contact_field field_id=\u00bbCompany_Name\u00bb field_title=\u00bbNombre de Empresa\u00bb _builder_version=\u00bb4.16&#8243; text_orientation=\u00bbcenter\u00bb global_colors_info=\u00bb{}\u00bb][\/et_pb_contact_field][et_pb_contact_field field_id=\u00bbCity\u00bb field_title=\u00bbCiudad\u00bb _builder_version=\u00bb4.16&#8243; text_orientation=\u00bbcenter\u00bb global_colors_info=\u00bb{}\u00bb][\/et_pb_contact_field][et_pb_contact_field field_id=\u00bbMessage\u00bb field_title=\u00bbMensaje\u00bb field_type=\u00bbtext\u00bb fullwidth_field=\u00bbon\u00bb _builder_version=\u00bb4.16&#8243; text_orientation=\u00bbcenter\u00bb global_colors_info=\u00bb{}\u00bb button_text_size__hover_enabled=\u00bboff\u00bb button_one_text_size__hover_enabled=\u00bboff\u00bb button_two_text_size__hover_enabled=\u00bboff\u00bb button_text_color__hover_enabled=\u00bboff\u00bb button_one_text_color__hover_enabled=\u00bboff\u00bb button_two_text_color__hover_enabled=\u00bboff\u00bb button_border_width__hover_enabled=\u00bboff\u00bb button_one_border_width__hover_enabled=\u00bboff\u00bb button_two_border_width__hover_enabled=\u00bboff\u00bb button_border_color__hover_enabled=\u00bboff\u00bb button_one_border_color__hover_enabled=\u00bboff\u00bb button_two_border_color__hover_enabled=\u00bboff\u00bb button_border_radius__hover_enabled=\u00bboff\u00bb button_one_border_radius__hover_enabled=\u00bboff\u00bb button_two_border_radius__hover_enabled=\u00bboff\u00bb button_letter_spacing__hover_enabled=\u00bboff\u00bb button_one_letter_spacing__hover_enabled=\u00bboff\u00bb button_two_letter_spacing__hover_enabled=\u00bboff\u00bb button_bg_color__hover_enabled=\u00bboff\u00bb button_one_bg_color__hover_enabled=\u00bboff\u00bb button_two_bg_color__hover_enabled=\u00bboff\u00bb][\/et_pb_contact_field][et_pb_contact_field field_id=\u00bbinterested_in\u00bb field_title=\u00bbEstoy Interesado En:\u00bb field_type=\u00bbradio\u00bb radio_options=\u00bb%91{%22value%22:%22Flexi 22S+%22,%22checked%22:0,%22dragID%22:-1},{%22value%22:%22Otro%22,%22checked%22:0,%22dragID%22:0}%93&#8243; fullwidth_field=\u00bbon\u00bb _builder_version=\u00bb4.27.4&#8243; _module_preset=\u00bbdefault\u00bb global_colors_info=\u00bb{}\u00bb][\/et_pb_contact_field][\/et_pb_contact_form][\/et_pb_column][\/et_pb_row][\/et_pb_section]<\/p>\n","protected":false},"excerpt":{"rendered":"<p>Energia: Bater\u00eda 48-Voltios Bater\u00eda Lithium-ion Compatible Capacidad: 2177 kg M\u00e1xima Altura de Elevaci\u00f3n: 10.54 Metros Pasillo de Trabajo: 2.28 Metros &nbsp; &nbsp;Flexi 22S+Ventajas del Equipo Flexi 22S+ Para Pasillo AngostoChasis True Radius El dise\u00f1o compacto de chasis permite operar a elevadas alturas y trabajar con cargas m\u00e1s pesadas sin la necesidad de sobre extender el [&hellip;]<\/p>\n","protected":false},"author":8,"featured_media":0,"parent":0,"menu_order":0,"comment_status":"closed","ping_status":"closed","template":"","meta":{"_et_pb_use_builder":"on","_et_pb_old_content":"","_et_gb_content_width":"","_monsterinsights_skip_tracking":false,"_monsterinsights_sitenote_active":false,"_monsterinsights_sitenote_note":"","_monsterinsights_sitenote_category":0,"footnotes":""},"class_list":["post-4077","page","type-page","status-publish","hentry"],"yoast_head":"<!-- This site is optimized with the Yoast SEO plugin v27.3 - https:\/\/yoast.com\/product\/yoast-seo-wordpress\/ -->\n<title>Flexi 22S+ - Flexi Montacargas Articulado<\/title>\n<meta name=\"description\" content=\"El modelo 22S+ es un montacargas articulado que opera en pasillos angostos desde 2.10 metros.\" \/>\n<meta name=\"robots\" content=\"index, follow, max-snippet:-1, max-image-preview:large, max-video-preview:-1\" \/>\n<link rel=\"canonical\" href=\"https:\/\/narrowaisleinc.com\/es\/narrow-aisle-forklift-flexi-22s-spanish\/\" \/>\n<meta property=\"og:locale\" content=\"es_ES\" \/>\n<meta property=\"og:type\" content=\"article\" \/>\n<meta property=\"og:title\" content=\"Flexi 22S+ - Flexi Montacargas Articulado\" \/>\n<meta property=\"og:description\" content=\"El modelo 22S+ es un montacargas articulado que opera en pasillos angostos desde 2.10 metros.\" \/>\n<meta property=\"og:url\" content=\"https:\/\/narrowaisleinc.com\/es\/narrow-aisle-forklift-flexi-22s-spanish\/\" \/>\n<meta property=\"og:site_name\" content=\"Narrow Aisle\" \/>\n<meta property=\"article:modified_time\" content=\"2025-01-07T16:08:14+00:00\" \/>\n<meta name=\"twitter:card\" content=\"summary_large_image\" \/>\n<meta name=\"twitter:label1\" content=\"Tiempo de lectura\" \/>\n\t<meta name=\"twitter:data1\" content=\"1 minuto\" \/>\n<script type=\"application\/ld+json\" class=\"yoast-schema-graph\">{\"@context\":\"https:\\\/\\\/schema.org\",\"@graph\":[{\"@type\":\"WebPage\",\"@id\":\"https:\\\/\\\/narrowaisleinc.com\\\/es\\\/narrow-aisle-forklift-flexi-22s-spanish\\\/\",\"url\":\"https:\\\/\\\/narrowaisleinc.com\\\/es\\\/narrow-aisle-forklift-flexi-22s-spanish\\\/\",\"name\":\"Flexi 22S+ - Flexi Montacargas Articulado\",\"isPartOf\":{\"@id\":\"https:\\\/\\\/narrowaisleinc.com\\\/#website\"},\"datePublished\":\"2020-06-26T16:18:18+00:00\",\"dateModified\":\"2025-01-07T16:08:14+00:00\",\"description\":\"El modelo 22S+ es un montacargas articulado que opera en pasillos angostos desde 2.10 metros.\",\"breadcrumb\":{\"@id\":\"https:\\\/\\\/narrowaisleinc.com\\\/es\\\/narrow-aisle-forklift-flexi-22s-spanish\\\/#breadcrumb\"},\"inLanguage\":\"es\",\"potentialAction\":[{\"@type\":\"ReadAction\",\"target\":[\"https:\\\/\\\/narrowaisleinc.com\\\/es\\\/narrow-aisle-forklift-flexi-22s-spanish\\\/\"]}]},{\"@type\":\"BreadcrumbList\",\"@id\":\"https:\\\/\\\/narrowaisleinc.com\\\/es\\\/narrow-aisle-forklift-flexi-22s-spanish\\\/#breadcrumb\",\"itemListElement\":[{\"@type\":\"ListItem\",\"position\":1,\"name\":\"Home\",\"item\":\"https:\\\/\\\/narrowaisleinc.com\\\/\"},{\"@type\":\"ListItem\",\"position\":2,\"name\":\"Flexi 22S+ (Spanish)\"}]},{\"@type\":\"WebSite\",\"@id\":\"https:\\\/\\\/narrowaisleinc.com\\\/#website\",\"url\":\"https:\\\/\\\/narrowaisleinc.com\\\/\",\"name\":\"Narrow Aisle\",\"description\":\"Hogar del Montacargas Flexi\",\"potentialAction\":[{\"@type\":\"SearchAction\",\"target\":{\"@type\":\"EntryPoint\",\"urlTemplate\":\"https:\\\/\\\/narrowaisleinc.com\\\/?s={search_term_string}\"},\"query-input\":{\"@type\":\"PropertyValueSpecification\",\"valueRequired\":true,\"valueName\":\"search_term_string\"}}],\"inLanguage\":\"es\"}]}<\/script>\n<!-- \/ Yoast SEO plugin. -->","yoast_head_json":{"title":"Flexi 22S+ - Flexi Montacargas Articulado","description":"El modelo 22S+ es un montacargas articulado que opera en pasillos angostos desde 2.10 metros.","robots":{"index":"index","follow":"follow","max-snippet":"max-snippet:-1","max-image-preview":"max-image-preview:large","max-video-preview":"max-video-preview:-1"},"canonical":"https:\/\/narrowaisleinc.com\/es\/narrow-aisle-forklift-flexi-22s-spanish\/","og_locale":"es_ES","og_type":"article","og_title":"Flexi 22S+ - Flexi Montacargas Articulado","og_description":"El modelo 22S+ es un montacargas articulado que opera en pasillos angostos desde 2.10 metros.","og_url":"https:\/\/narrowaisleinc.com\/es\/narrow-aisle-forklift-flexi-22s-spanish\/","og_site_name":"Narrow Aisle","article_modified_time":"2025-01-07T16:08:14+00:00","twitter_card":"summary_large_image","twitter_misc":{"Tiempo de lectura":"1 minuto"},"schema":{"@context":"https:\/\/schema.org","@graph":[{"@type":"WebPage","@id":"https:\/\/narrowaisleinc.com\/es\/narrow-aisle-forklift-flexi-22s-spanish\/","url":"https:\/\/narrowaisleinc.com\/es\/narrow-aisle-forklift-flexi-22s-spanish\/","name":"Flexi 22S+ - Flexi Montacargas Articulado","isPartOf":{"@id":"https:\/\/narrowaisleinc.com\/#website"},"datePublished":"2020-06-26T16:18:18+00:00","dateModified":"2025-01-07T16:08:14+00:00","description":"El modelo 22S+ es un montacargas articulado que opera en pasillos angostos desde 2.10 metros.","breadcrumb":{"@id":"https:\/\/narrowaisleinc.com\/es\/narrow-aisle-forklift-flexi-22s-spanish\/#breadcrumb"},"inLanguage":"es","potentialAction":[{"@type":"ReadAction","target":["https:\/\/narrowaisleinc.com\/es\/narrow-aisle-forklift-flexi-22s-spanish\/"]}]},{"@type":"BreadcrumbList","@id":"https:\/\/narrowaisleinc.com\/es\/narrow-aisle-forklift-flexi-22s-spanish\/#breadcrumb","itemListElement":[{"@type":"ListItem","position":1,"name":"Home","item":"https:\/\/narrowaisleinc.com\/"},{"@type":"ListItem","position":2,"name":"Flexi 22S+ (Spanish)"}]},{"@type":"WebSite","@id":"https:\/\/narrowaisleinc.com\/#website","url":"https:\/\/narrowaisleinc.com\/","name":"Narrow Aisle","description":"Hogar del Montacargas Flexi","potentialAction":[{"@type":"SearchAction","target":{"@type":"EntryPoint","urlTemplate":"https:\/\/narrowaisleinc.com\/?s={search_term_string}"},"query-input":{"@type":"PropertyValueSpecification","valueRequired":true,"valueName":"search_term_string"}}],"inLanguage":"es"}]}},"_links":{"self":[{"href":"https:\/\/narrowaisleinc.com\/es\/wp-json\/wp\/v2\/pages\/4077","targetHints":{"allow":["GET"]}}],"collection":[{"href":"https:\/\/narrowaisleinc.com\/es\/wp-json\/wp\/v2\/pages"}],"about":[{"href":"https:\/\/narrowaisleinc.com\/es\/wp-json\/wp\/v2\/types\/page"}],"author":[{"embeddable":true,"href":"https:\/\/narrowaisleinc.com\/es\/wp-json\/wp\/v2\/users\/8"}],"replies":[{"embeddable":true,"href":"https:\/\/narrowaisleinc.com\/es\/wp-json\/wp\/v2\/comments?post=4077"}],"version-history":[{"count":18,"href":"https:\/\/narrowaisleinc.com\/es\/wp-json\/wp\/v2\/pages\/4077\/revisions"}],"predecessor-version":[{"id":5247,"href":"https:\/\/narrowaisleinc.com\/es\/wp-json\/wp\/v2\/pages\/4077\/revisions\/5247"}],"wp:attachment":[{"href":"https:\/\/narrowaisleinc.com\/es\/wp-json\/wp\/v2\/media?parent=4077"}],"curies":[{"name":"wp","href":"https:\/\/api.w.org\/{rel}","templated":true}]}}