{"id":4035,"date":"2020-06-25T18:47:21","date_gmt":"2020-06-25T18:47:21","guid":{"rendered":"http:\/\/narrowaisleinc.com\/?page_id=4035"},"modified":"2025-01-07T17:47:02","modified_gmt":"2025-01-07T17:47:02","slug":"comparison-flexi-vs-turret-truck-spanish","status":"publish","type":"page","link":"https:\/\/narrowaisleinc.com\/es\/comparison-flexi-vs-turret-truck-spanish\/","title":{"rendered":"Comparison \u2013 Flexi vs. Turret Truck (Spanish)"},"content":{"rendered":"<p>[et_pb_section fb_built=\u00bb1&#8243; _builder_version=\u00bb4.16&#8243; custom_padding=\u00bb||100px|||\u00bb global_colors_info=\u00bb{}\u00bb][et_pb_row _builder_version=\u00bb4.16&#8243; custom_margin=\u00bb|auto|45px|auto||\u00bb global_colors_info=\u00bb{}\u00bb][et_pb_column type=\u00bb4_4&#8243; _builder_version=\u00bb4.16&#8243; global_colors_info=\u00bb{}\u00bb][et_pb_text _builder_version=\u00bb4.16&#8243; global_colors_info=\u00bb{}\u00bb]<\/p>\n<h1 style=\"text-align: center;\">Ventajas de un Montacargas Articulado Flexi Sobre un Equipo Trilateral<\/h1>\n<p>[\/et_pb_text][\/et_pb_column][\/et_pb_row][et_pb_row column_structure=\u00bb1_2,1_2&#8243; _builder_version=\u00bb4.16&#8243; global_colors_info=\u00bb{}\u00bb][et_pb_column type=\u00bb1_2&#8243; _builder_version=\u00bb4.16&#8243; global_colors_info=\u00bb{}\u00bb][et_pb_image src=\u00bbhttps:\/\/narrowaisleinc.com\/wp-content\/uploads\/2024\/07\/Horizontal-Graph-Flexi-x-2-Spanish.png\u00bb alt=\u00bbFlexi Aisle Width &#8211; Spanish\u00bb title_text=\u00bbHorizontal Graph &#8211; Flexi x 2 &#8211; Spanish\u00bb _builder_version=\u00bb4.27.4&#8243; hover_enabled=\u00bb0&#8243; global_colors_info=\u00bb{}\u00bb sticky_enabled=\u00bb0&#8243;][\/et_pb_image][\/et_pb_column][et_pb_column type=\u00bb1_2&#8243; _builder_version=\u00bb4.16&#8243; global_colors_info=\u00bb{}\u00bb][et_pb_image src=\u00bbhttps:\/\/narrowaisleinc.com\/wp-content\/uploads\/2024\/07\/Graphic-Flexi-vs-Turret-Truck-Spanish.png\u00bb alt=\u00bbTurret Truck Aisle Width &#8211; Spanish\u00bb title_text=\u00bbGraphic &#8211; Flexi vs Turret Truck &#8211; Spanish\u00bb _builder_version=\u00bb4.27.4&#8243; transform_scale=\u00bb102%|102%\u00bb custom_margin=\u00bb5px||||false|false\u00bb hover_enabled=\u00bb0&#8243; global_colors_info=\u00bb{}\u00bb sticky_enabled=\u00bb0&#8243;][\/et_pb_image][\/et_pb_column][\/et_pb_row][et_pb_row _builder_version=\u00bb4.16&#8243; _module_preset=\u00bbdefault\u00bb custom_margin=\u00bb50px|auto||auto||\u00bb global_colors_info=\u00bb{}\u00bb][et_pb_column type=\u00bb4_4&#8243; _builder_version=\u00bb4.16&#8243; _module_preset=\u00bbdefault\u00bb global_colors_info=\u00bb{}\u00bb][dvmd_table_maker tbl_icon_type=\u00bb&#x4e;||divi||400&#8243; tbl_icon_size=\u00bb21px\u00bb tbl_icon_color=\u00bb#000000&#8243; tbl_tcell_cell_color=\u00bb#D6D6D6&#8243; tbl_tcell_cell_align_horz=\u00bbcenter\u00bb tbl_tcell_cell_align_vert=\u00bbcenter\u00bb _builder_version=\u00bb4.16&#8243; _module_preset=\u00bbdefault\u00bb tbl_tcell_text_font=\u00bb|600|||||||\u00bb tbl_tcell_text_text_color=\u00bb#000000&#8243; tbl_tcell_text_font_size=\u00bb21px\u00bb tbl_chead_text_text_color=\u00bb#FFFFFF\u00bb tbl_cfoot_text_text_color=\u00bb#000000&#8243; tbl_rhead_text_text_color=\u00bb#FFFFFF\u00bb border_radii_tbl_tcell_cell_border=\u00bbon|21px|21px|21px|21px\u00bb border_width_all_tbl_tcell_cell_border=\u00bb5px\u00bb border_color_all_tbl_tcell_cell_border=\u00bb#be1e2d\u00bb locked=\u00bboff\u00bb global_colors_info=\u00bb{}\u00bb][dvmd_table_maker_item col_content=\u00bb<br \/>\nPor lo general, utilice la gu\u00eda de cables<br \/>\nCosto inicial<br \/>\nCapacidad de doble alcance profundo<br \/>\nElija el lado izquierdo y derecho del pasillo<br \/>\nOperador que trabaja a una altura elevada<br \/>\nCosto de mantenimiento<br \/>\nSe puede utilizar en otro espacio de almac\u00e9n\u00bb col_column_max_width=\u00bb4.5fr\u00bb _builder_version=\u00bb4.16&#8243; _module_preset=\u00bbdefault\u00bb global_colors_info=\u00bb{}\u00bb][\/dvmd_table_maker_item][dvmd_table_maker_item col_label=\u00bbFlexi Narrow Aisle Forklift\u00bb col_content=\u00bbMontacargas Articulado Flexi<br \/>\nNo<br \/>\nM\u00e1s Bajo<br \/>\nS\u00ed<br \/>\nS\u00ed<br \/>\nNo<br \/>\nM\u00e1s Bajo<br \/>\nS\u00ed\u00bb col_column_max_width=\u00bb3.5fr\u00bb col_icon_type=\u00bb&#x4e;||divi||400&#8243; col_icon_size=\u00bb7px\u00bb col_icon_color=\u00bb#000000&#8243; _builder_version=\u00bb4.16&#8243; _module_preset=\u00bbdefault\u00bb global_colors_info=\u00bb{}\u00bb][\/dvmd_table_maker_item][dvmd_table_maker_item col_label=\u00bbTurret Truck\u00bb col_content=\u00bbEquipo Trilateral<br \/>\nS\u00ed<br \/>\nMas Alto<br \/>\nS\u00ed<br \/>\nS\u00ed<br \/>\nS\u00ed<br \/>\nMas Alto<br \/>\nNo\u00bb col_column_max_width=\u00bb3.5fr\u00bb col_icon_type=\u00bb&#x4e;||divi||400&#8243; col_icon_size=\u00bb7px\u00bb col_icon_color=\u00bb#000000&#8243; _builder_version=\u00bb4.16&#8243; _module_preset=\u00bbdefault\u00bb global_colors_info=\u00bb{}\u00bb][\/dvmd_table_maker_item][\/dvmd_table_maker][\/et_pb_column][\/et_pb_row][et_pb_row _builder_version=\u00bb4.16&#8243; custom_padding=\u00bb50px|||||\u00bb global_colors_info=\u00bb{}\u00bb][et_pb_column type=\u00bb4_4&#8243; _builder_version=\u00bb4.16&#8243; global_colors_info=\u00bb{}\u00bb][et_pb_text _builder_version=\u00bb4.16&#8243; header_3_text_align=\u00bbleft\u00bb header_3_font_size=\u00bb21px\u00bb global_colors_info=\u00bb{}\u00bb]<\/p>\n<p style=\"text-align: center;\">Por lo general, las empresas usan montacargas trilaterales para obtener la mayor cantidad de posiciones y aumentar la densidad de almacenamiento. Si su empresa est\u00e1 utilizando un montacargas trilateral o est\u00e1 buscando cambiar a equipos trilaterales, debe considerar los equipos articulados Flexi.<\/p>\n<p>&nbsp;<\/p>\n<h2 style=\"text-align: center;\">Ventajas de un Montacargas Articulado Flexi Sobre un Equipo Trilateral:<\/h2>\n<h3><\/h3>\n<p>&nbsp;<\/p>\n<ul>\n<li>\n<h3>El montacargas Flexi para pasillos angostos puede almacenar 85-90% de la cantidad de posiciones que un equipo trilateral a la mitad del costo<\/h3>\n<\/li>\n<li>\n<h3>Los montacargas \u00a0Flexi de pasillo angosto pueden funcionar en pasillos de 1.80 a 2.20\u00a0 metros, similar a los equipos trilaterales<\/h3>\n<\/li>\n<li>\n<h3>Flexi se opera como un montacargas convencional y no son tan dif\u00edciles de operar como un montacargas trilateral<\/h3>\n<\/li>\n<li>\n<h3>Los montacargas de pasillo angosto Flexi funcionan sin gu\u00eda magn\u00e9tica o rieles \u00a0y pueden usar su piso actual, mientras que un montacargas trilateral suele requerir de gu\u00edas o rieles<\/h3>\n<\/li>\n<li>\n<h3>La inversi\u00f3n inicial de un montacargas Flexi de pasillo angosto es t\u00edpicamente alrededor del 50% del costo de un montacargas trilateral<\/h3>\n<\/li>\n<\/ul>\n<p>[\/et_pb_text][\/et_pb_column][\/et_pb_row][et_pb_row _builder_version=\u00bb4.16&#8243; custom_padding=\u00bb50px|||||\u00bb global_colors_info=\u00bb{}\u00bb][et_pb_column type=\u00bb4_4&#8243; _builder_version=\u00bb4.16&#8243; global_colors_info=\u00bb{}\u00bb][et_pb_text _builder_version=\u00bb4.27.4&#8243; header_4_text_color=\u00bb#cd292a\u00bb header_4_font_size=\u00bb25px\u00bb hover_enabled=\u00bb0&#8243; global_colors_info=\u00bb{}\u00bb sticky_enabled=\u00bb0&#8243;]<\/p>\n<h4 style=\"text-align: center;\">Comun\u00edquese con Flexi &#8211; Sunbelt Material Handling para obtener una Cotizaci\u00f3n o Comparaci\u00f3n con un Montacargas Trilateral Espec\u00edfico para su Aplicaci\u00f3n<\/h4>\n<p>[\/et_pb_text][\/et_pb_column][\/et_pb_row][et_pb_row _builder_version=\u00bb4.16&#8243; custom_padding=\u00bb35px|0px||||\u00bb global_colors_info=\u00bb{}\u00bb][et_pb_column type=\u00bb4_4&#8243; _builder_version=\u00bb4.16&#8243; global_colors_info=\u00bb{}\u00bb][et_pb_contact_form email=\u00bbdmorrison@sunbeltmh.com,jgarcia@sunbeltmh.com\u00bb success_message=\u00bb\u00a1Un empleado de Flexi &#8211; Sunbelt Material Handling se pondr\u00e1 en contacto a la brevedad!\u00bb submit_button_text=\u00bbEnviar\u00bb module_id=\u00bbet_pb_contact_form_0&#8243; _builder_version=\u00bb4.27.4&#8243; _unique_id=\u00bbc7da0add-4f29-4a55-bff4-9c79f32d57b7&#8243; form_field_font=\u00bb||||||||\u00bb form_field_text_align=\u00bbcenter\u00bb form_field_font_size=\u00bb17px\u00bb custom_button=\u00bbon\u00bb button_text_color=\u00bb#cd292a\u00bb button_border_color=\u00bb#cd292a\u00bb button_icon_color=\u00bb#cd292a\u00bb text_orientation=\u00bbleft\u00bb hover_enabled=\u00bb0&#8243; locked=\u00bboff\u00bb global_colors_info=\u00bb{}\u00bb use_redirect=\u00bbon\u00bb redirect_url=\u00bbhttps:\/\/narrowaisleinc.com\/thank-you-contact-us-form-spanish\/\u00bb sticky_enabled=\u00bb0&#8243;][et_pb_contact_field field_id=\u00bbFirst_Name\u00bb field_title=\u00bbNombre \u00bb _builder_version=\u00bb4.16&#8243; text_orientation=\u00bbcenter\u00bb global_colors_info=\u00bb{}\u00bb button_text_size__hover_enabled=\u00bboff\u00bb button_one_text_size__hover_enabled=\u00bboff\u00bb button_two_text_size__hover_enabled=\u00bboff\u00bb button_text_color__hover_enabled=\u00bboff\u00bb button_one_text_color__hover_enabled=\u00bboff\u00bb button_two_text_color__hover_enabled=\u00bboff\u00bb button_border_width__hover_enabled=\u00bboff\u00bb button_one_border_width__hover_enabled=\u00bboff\u00bb button_two_border_width__hover_enabled=\u00bboff\u00bb button_border_color__hover_enabled=\u00bboff\u00bb button_one_border_color__hover_enabled=\u00bboff\u00bb button_two_border_color__hover_enabled=\u00bboff\u00bb button_border_radius__hover_enabled=\u00bboff\u00bb button_one_border_radius__hover_enabled=\u00bboff\u00bb button_two_border_radius__hover_enabled=\u00bboff\u00bb button_letter_spacing__hover_enabled=\u00bboff\u00bb button_one_letter_spacing__hover_enabled=\u00bboff\u00bb button_two_letter_spacing__hover_enabled=\u00bboff\u00bb button_bg_color__hover_enabled=\u00bboff\u00bb button_one_bg_color__hover_enabled=\u00bboff\u00bb button_two_bg_color__hover_enabled=\u00bboff\u00bb][\/et_pb_contact_field][et_pb_contact_field field_id=\u00bbLast_Name\u00bb field_title=\u00bbApellido \u00bb _builder_version=\u00bb4.16&#8243; text_orientation=\u00bbcenter\u00bb global_colors_info=\u00bb{}\u00bb][\/et_pb_contact_field][et_pb_contact_field field_id=\u00bb%%email%%\u00bb field_title=\u00bbEmail \u00bb field_type=\u00bbemail\u00bb _builder_version=\u00bb4.16&#8243; text_orientation=\u00bbcenter\u00bb global_colors_info=\u00bb{}\u00bb button_text_size__hover_enabled=\u00bboff\u00bb button_one_text_size__hover_enabled=\u00bboff\u00bb button_two_text_size__hover_enabled=\u00bboff\u00bb button_text_color__hover_enabled=\u00bboff\u00bb button_one_text_color__hover_enabled=\u00bboff\u00bb button_two_text_color__hover_enabled=\u00bboff\u00bb button_border_width__hover_enabled=\u00bboff\u00bb button_one_border_width__hover_enabled=\u00bboff\u00bb button_two_border_width__hover_enabled=\u00bboff\u00bb button_border_color__hover_enabled=\u00bboff\u00bb button_one_border_color__hover_enabled=\u00bboff\u00bb button_two_border_color__hover_enabled=\u00bboff\u00bb button_border_radius__hover_enabled=\u00bboff\u00bb button_one_border_radius__hover_enabled=\u00bboff\u00bb button_two_border_radius__hover_enabled=\u00bboff\u00bb button_letter_spacing__hover_enabled=\u00bboff\u00bb button_one_letter_spacing__hover_enabled=\u00bboff\u00bb button_two_letter_spacing__hover_enabled=\u00bboff\u00bb button_bg_color__hover_enabled=\u00bboff\u00bb button_one_bg_color__hover_enabled=\u00bboff\u00bb button_two_bg_color__hover_enabled=\u00bboff\u00bb][\/et_pb_contact_field][et_pb_contact_field field_id=\u00bbPhone_Number\u00bb field_title=\u00bbNumero Telef\u00f3nico\u00bb _builder_version=\u00bb4.16&#8243; text_orientation=\u00bbcenter\u00bb global_colors_info=\u00bb{}\u00bb][\/et_pb_contact_field][et_pb_contact_field field_id=\u00bbCompany_Name\u00bb field_title=\u00bbNombre de Empresa \u00bb _builder_version=\u00bb4.16&#8243; text_orientation=\u00bbcenter\u00bb global_colors_info=\u00bb{}\u00bb][\/et_pb_contact_field][et_pb_contact_field field_id=\u00bbCity\u00bb field_title=\u00bbCiudad\u00bb _builder_version=\u00bb4.16&#8243; text_orientation=\u00bbcenter\u00bb global_colors_info=\u00bb{}\u00bb][\/et_pb_contact_field][et_pb_contact_field field_id=\u00bbMessage\u00bb field_title=\u00bbMensaje \u00bb field_type=\u00bbtext\u00bb fullwidth_field=\u00bbon\u00bb _builder_version=\u00bb4.27.4&#8243; text_orientation=\u00bbcenter\u00bb hover_enabled=\u00bb0&#8243; global_colors_info=\u00bb{}\u00bb button_text_size__hover_enabled=\u00bboff\u00bb button_one_text_size__hover_enabled=\u00bboff\u00bb button_two_text_size__hover_enabled=\u00bboff\u00bb button_text_color__hover_enabled=\u00bboff\u00bb button_one_text_color__hover_enabled=\u00bboff\u00bb button_two_text_color__hover_enabled=\u00bboff\u00bb button_border_width__hover_enabled=\u00bboff\u00bb button_one_border_width__hover_enabled=\u00bboff\u00bb button_two_border_width__hover_enabled=\u00bboff\u00bb button_border_color__hover_enabled=\u00bboff\u00bb button_one_border_color__hover_enabled=\u00bboff\u00bb button_two_border_color__hover_enabled=\u00bboff\u00bb button_border_radius__hover_enabled=\u00bboff\u00bb button_one_border_radius__hover_enabled=\u00bboff\u00bb button_two_border_radius__hover_enabled=\u00bboff\u00bb button_letter_spacing__hover_enabled=\u00bboff\u00bb button_one_letter_spacing__hover_enabled=\u00bboff\u00bb button_two_letter_spacing__hover_enabled=\u00bboff\u00bb button_bg_color__hover_enabled=\u00bboff\u00bb button_one_bg_color__hover_enabled=\u00bboff\u00bb button_two_bg_color__hover_enabled=\u00bboff\u00bb sticky_enabled=\u00bb0&#8243;][\/et_pb_contact_field][\/et_pb_contact_form][\/et_pb_column][\/et_pb_row][\/et_pb_section]<\/p>\n","protected":false},"excerpt":{"rendered":"<p>Ventajas de un Montacargas Articulado Flexi Sobre un Equipo Trilateral<div class=\"et_pb_with_border et_pb_module dvmd_table_maker dvmd_table_maker_0 dvmd_tm_version_3_1_2\">\n\t\t\t\t\n\t\t\t\t\n\t\t\t\t\n\t\t\t\t\n\t\t\t\t\n\t\t\t\t\n\t\t\t\t<div class=\"et_pb_module_inner\">\n\t\t\t\t\t\n\t\t\t\t<\/div>\n\t\t\t<\/div><div class=\"dvmd_outer\">\n\t\t\t\t\n\t\t\t\t\n\t\t\t\t\n\t\t\t\t\n\t\t\t\t\n\t\t\t\t\n\t\t\t\t<div class=\"dvmd_inner\">\n\t\t\t\t\t\n\t\t\t\t<\/div>\n\t\t\t<\/div><\/p>\n","protected":false},"author":8,"featured_media":0,"parent":0,"menu_order":0,"comment_status":"closed","ping_status":"closed","template":"","meta":{"_et_pb_use_builder":"on","_et_pb_old_content":"","_et_gb_content_width":"","_monsterinsights_skip_tracking":false,"_monsterinsights_sitenote_active":false,"_monsterinsights_sitenote_note":"","_monsterinsights_sitenote_category":0,"footnotes":""},"class_list":["post-4035","page","type-page","status-publish","hentry"],"yoast_head":"<!-- This site is optimized with the Yoast SEO plugin v27.3 - https:\/\/yoast.com\/product\/yoast-seo-wordpress\/ -->\n<title>Ventajas de un Montacargas Articulado Flexi Sobre un Equipo Trilateral<\/title>\n<meta name=\"description\" content=\"Los montacargas articulados Flexi son excelentes alternativas a los montacargas trilaterales. Si esta considerando un montacargas trilateral para ahorrar espacio, debe considerar un montacargas articulado Flexi para ahorrar dinero y obtener un resultado similar.\" \/>\n<meta name=\"robots\" content=\"index, follow, max-snippet:-1, max-image-preview:large, max-video-preview:-1\" \/>\n<link rel=\"canonical\" href=\"https:\/\/narrowaisleinc.com\/flexi-narrow-aisle-forklift-vs-turret-truck\/\" \/>\n<meta property=\"og:locale\" content=\"es_ES\" \/>\n<meta property=\"og:type\" content=\"article\" \/>\n<meta property=\"og:title\" content=\"Ventajas de un Montacargas Articulado Flexi Sobre un Equipo Trilateral\" \/>\n<meta property=\"og:description\" content=\"Los montacargas articulados Flexi son excelentes alternativas a los montacargas trilaterales. Si esta considerando un montacargas trilateral para ahorrar espacio, debe considerar un montacargas articulado Flexi para ahorrar dinero y obtener un resultado similar.\" \/>\n<meta property=\"og:url\" content=\"https:\/\/narrowaisleinc.com\/flexi-narrow-aisle-forklift-vs-turret-truck\/\" \/>\n<meta property=\"og:site_name\" content=\"Narrow Aisle\" \/>\n<meta property=\"article:modified_time\" content=\"2025-01-07T17:47:02+00:00\" \/>\n<meta name=\"twitter:card\" content=\"summary_large_image\" \/>\n<meta name=\"twitter:label1\" content=\"Tiempo de lectura\" \/>\n\t<meta name=\"twitter:data1\" content=\"8 minutos\" \/>\n<script type=\"application\/ld+json\" class=\"yoast-schema-graph\">{\"@context\":\"https:\\\/\\\/schema.org\",\"@graph\":[{\"@type\":\"WebPage\",\"@id\":\"https:\\\/\\\/narrowaisleinc.com\\\/flexi-narrow-aisle-forklift-vs-turret-truck\\\/\",\"url\":\"https:\\\/\\\/narrowaisleinc.com\\\/flexi-narrow-aisle-forklift-vs-turret-truck\\\/\",\"name\":\"Ventajas de un Montacargas Articulado Flexi Sobre un Equipo Trilateral\",\"isPartOf\":{\"@id\":\"https:\\\/\\\/narrowaisleinc.com\\\/#website\"},\"datePublished\":\"2020-06-25T18:47:21+00:00\",\"dateModified\":\"2025-01-07T17:47:02+00:00\",\"description\":\"Los montacargas articulados Flexi son excelentes alternativas a los montacargas trilaterales. Si esta considerando un montacargas trilateral para ahorrar espacio, debe considerar un montacargas articulado Flexi para ahorrar dinero y obtener un resultado similar.\",\"breadcrumb\":{\"@id\":\"https:\\\/\\\/narrowaisleinc.com\\\/flexi-narrow-aisle-forklift-vs-turret-truck\\\/#breadcrumb\"},\"inLanguage\":\"es\",\"potentialAction\":[{\"@type\":\"ReadAction\",\"target\":[\"https:\\\/\\\/narrowaisleinc.com\\\/flexi-narrow-aisle-forklift-vs-turret-truck\\\/\"]}]},{\"@type\":\"BreadcrumbList\",\"@id\":\"https:\\\/\\\/narrowaisleinc.com\\\/flexi-narrow-aisle-forklift-vs-turret-truck\\\/#breadcrumb\",\"itemListElement\":[{\"@type\":\"ListItem\",\"position\":1,\"name\":\"Home\",\"item\":\"https:\\\/\\\/narrowaisleinc.com\\\/\"},{\"@type\":\"ListItem\",\"position\":2,\"name\":\"Comparison \u2013 Flexi vs. Turret Truck (Spanish)\"}]},{\"@type\":\"WebSite\",\"@id\":\"https:\\\/\\\/narrowaisleinc.com\\\/#website\",\"url\":\"https:\\\/\\\/narrowaisleinc.com\\\/\",\"name\":\"Narrow Aisle\",\"description\":\"Hogar del Montacargas Flexi\",\"potentialAction\":[{\"@type\":\"SearchAction\",\"target\":{\"@type\":\"EntryPoint\",\"urlTemplate\":\"https:\\\/\\\/narrowaisleinc.com\\\/?s={search_term_string}\"},\"query-input\":{\"@type\":\"PropertyValueSpecification\",\"valueRequired\":true,\"valueName\":\"search_term_string\"}}],\"inLanguage\":\"es\"}]}<\/script>\n<!-- \/ Yoast SEO plugin. -->","yoast_head_json":{"title":"Ventajas de un Montacargas Articulado Flexi Sobre un Equipo Trilateral","description":"Los montacargas articulados Flexi son excelentes alternativas a los montacargas trilaterales. Si esta considerando un montacargas trilateral para ahorrar espacio, debe considerar un montacargas articulado Flexi para ahorrar dinero y obtener un resultado similar.","robots":{"index":"index","follow":"follow","max-snippet":"max-snippet:-1","max-image-preview":"max-image-preview:large","max-video-preview":"max-video-preview:-1"},"canonical":"https:\/\/narrowaisleinc.com\/flexi-narrow-aisle-forklift-vs-turret-truck\/","og_locale":"es_ES","og_type":"article","og_title":"Ventajas de un Montacargas Articulado Flexi Sobre un Equipo Trilateral","og_description":"Los montacargas articulados Flexi son excelentes alternativas a los montacargas trilaterales. Si esta considerando un montacargas trilateral para ahorrar espacio, debe considerar un montacargas articulado Flexi para ahorrar dinero y obtener un resultado similar.","og_url":"https:\/\/narrowaisleinc.com\/flexi-narrow-aisle-forklift-vs-turret-truck\/","og_site_name":"Narrow Aisle","article_modified_time":"2025-01-07T17:47:02+00:00","twitter_card":"summary_large_image","twitter_misc":{"Tiempo de lectura":"8 minutos"},"schema":{"@context":"https:\/\/schema.org","@graph":[{"@type":"WebPage","@id":"https:\/\/narrowaisleinc.com\/flexi-narrow-aisle-forklift-vs-turret-truck\/","url":"https:\/\/narrowaisleinc.com\/flexi-narrow-aisle-forklift-vs-turret-truck\/","name":"Ventajas de un Montacargas Articulado Flexi Sobre un Equipo Trilateral","isPartOf":{"@id":"https:\/\/narrowaisleinc.com\/#website"},"datePublished":"2020-06-25T18:47:21+00:00","dateModified":"2025-01-07T17:47:02+00:00","description":"Los montacargas articulados Flexi son excelentes alternativas a los montacargas trilaterales. Si esta considerando un montacargas trilateral para ahorrar espacio, debe considerar un montacargas articulado Flexi para ahorrar dinero y obtener un resultado similar.","breadcrumb":{"@id":"https:\/\/narrowaisleinc.com\/flexi-narrow-aisle-forklift-vs-turret-truck\/#breadcrumb"},"inLanguage":"es","potentialAction":[{"@type":"ReadAction","target":["https:\/\/narrowaisleinc.com\/flexi-narrow-aisle-forklift-vs-turret-truck\/"]}]},{"@type":"BreadcrumbList","@id":"https:\/\/narrowaisleinc.com\/flexi-narrow-aisle-forklift-vs-turret-truck\/#breadcrumb","itemListElement":[{"@type":"ListItem","position":1,"name":"Home","item":"https:\/\/narrowaisleinc.com\/"},{"@type":"ListItem","position":2,"name":"Comparison \u2013 Flexi vs. Turret Truck (Spanish)"}]},{"@type":"WebSite","@id":"https:\/\/narrowaisleinc.com\/#website","url":"https:\/\/narrowaisleinc.com\/","name":"Narrow Aisle","description":"Hogar del Montacargas Flexi","potentialAction":[{"@type":"SearchAction","target":{"@type":"EntryPoint","urlTemplate":"https:\/\/narrowaisleinc.com\/?s={search_term_string}"},"query-input":{"@type":"PropertyValueSpecification","valueRequired":true,"valueName":"search_term_string"}}],"inLanguage":"es"}]}},"_links":{"self":[{"href":"https:\/\/narrowaisleinc.com\/es\/wp-json\/wp\/v2\/pages\/4035","targetHints":{"allow":["GET"]}}],"collection":[{"href":"https:\/\/narrowaisleinc.com\/es\/wp-json\/wp\/v2\/pages"}],"about":[{"href":"https:\/\/narrowaisleinc.com\/es\/wp-json\/wp\/v2\/types\/page"}],"author":[{"embeddable":true,"href":"https:\/\/narrowaisleinc.com\/es\/wp-json\/wp\/v2\/users\/8"}],"replies":[{"embeddable":true,"href":"https:\/\/narrowaisleinc.com\/es\/wp-json\/wp\/v2\/comments?post=4035"}],"version-history":[{"count":13,"href":"https:\/\/narrowaisleinc.com\/es\/wp-json\/wp\/v2\/pages\/4035\/revisions"}],"predecessor-version":[{"id":5268,"href":"https:\/\/narrowaisleinc.com\/es\/wp-json\/wp\/v2\/pages\/4035\/revisions\/5268"}],"wp:attachment":[{"href":"https:\/\/narrowaisleinc.com\/es\/wp-json\/wp\/v2\/media?parent=4035"}],"curies":[{"name":"wp","href":"https:\/\/api.w.org\/{rel}","templated":true}]}}