{"id":3993,"date":"2020-06-25T16:50:28","date_gmt":"2020-06-25T16:50:28","guid":{"rendered":"http:\/\/narrowaisleinc.com\/?page_id=3993"},"modified":"2025-01-07T17:19:12","modified_gmt":"2025-01-07T17:19:12","slug":"flexi-narrow-aisle-forklift-vs-conventional-forklift-spanish","status":"publish","type":"page","link":"https:\/\/narrowaisleinc.com\/es\/flexi-narrow-aisle-forklift-vs-conventional-forklift-spanish\/","title":{"rendered":"Comparison &#8211; Flexi vs Conventional Forklift  (Spanish)"},"content":{"rendered":"<p>[et_pb_section fb_built=\u00bb1&#8243; _builder_version=\u00bb4.16&#8243; custom_padding=\u00bb||100px|||\u00bb global_colors_info=\u00bb{}\u00bb][et_pb_row _builder_version=\u00bb4.16&#8243; custom_margin=\u00bb|auto|55px|auto||\u00bb global_colors_info=\u00bb{}\u00bb][et_pb_column type=\u00bb4_4&#8243; _builder_version=\u00bb4.16&#8243; global_colors_info=\u00bb{}\u00bb][et_pb_text _builder_version=\u00bb4.16&#8243; global_colors_info=\u00bb{}\u00bb]<\/p>\n<h1 style=\"text-align: center;\">Ventajas de Flexi Sobre un Montacargas Convencional<\/h1>\n<p>[\/et_pb_text][\/et_pb_column][\/et_pb_row][et_pb_row column_structure=\u00bb1_2,1_2&#8243; _builder_version=\u00bb4.16&#8243; global_colors_info=\u00bb{}\u00bb][et_pb_column type=\u00bb1_2&#8243; _builder_version=\u00bb4.16&#8243; global_colors_info=\u00bb{}\u00bb][et_pb_image src=\u00bbhttps:\/\/narrowaisleinc.com\/wp-content\/uploads\/2024\/07\/Horizontal-Graph-Flexi-x-2-Spanish.png\u00bb alt=\u00bbFlexi Aisle Width &#8211; Spanish\u00bb title_text=\u00bbHorizontal Graph &#8211; Flexi x 2 &#8211; Spanish\u00bb _builder_version=\u00bb4.27.4&#8243; custom_padding=\u00bb|||0px||\u00bb global_colors_info=\u00bb{}\u00bb][\/et_pb_image][\/et_pb_column][et_pb_column type=\u00bb1_2&#8243; _builder_version=\u00bb4.16&#8243; global_colors_info=\u00bb{}\u00bb][et_pb_image src=\u00bbhttps:\/\/narrowaisleinc.com\/wp-content\/uploads\/2024\/07\/Graphic-Flexi-vs-Conventional-Forklift-Spanish.png\u00bb alt=\u00bbWarehouse Forklift Aisle Width &#8211; Spanish\u00bb title_text=\u00bbGraphic &#8211; Flexi vs Conventional Forklift &#8211; Spanish\u00bb _builder_version=\u00bb4.27.4&#8243; custom_margin=\u00bb-50px||||false|false\u00bb global_colors_info=\u00bb{}\u00bb][\/et_pb_image][\/et_pb_column][\/et_pb_row][et_pb_row _builder_version=\u00bb4.16&#8243; _module_preset=\u00bbdefault\u00bb custom_margin=\u00bb50px|auto||auto||\u00bb global_colors_info=\u00bb{}\u00bb][et_pb_column type=\u00bb4_4&#8243; _builder_version=\u00bb4.16&#8243; _module_preset=\u00bbdefault\u00bb global_colors_info=\u00bb{}\u00bb][dvmd_table_maker tbl_icon_size=\u00bb21px\u00bb tbl_icon_color=\u00bb#000000&#8243; tbl_tcell_cell_color=\u00bb#D6D6D6&#8243; tbl_tcell_cell_align_horz=\u00bbcenter\u00bb tbl_tcell_cell_align_vert=\u00bbcenter\u00bb _builder_version=\u00bb4.16&#8243; _module_preset=\u00bbdefault\u00bb tbl_tcell_text_font=\u00bb|600|||||||\u00bb tbl_tcell_text_text_color=\u00bb#000000&#8243; tbl_tcell_text_font_size=\u00bb21px\u00bb tbl_chead_text_text_color=\u00bb#FFFFFF\u00bb tbl_cfoot_text_text_color=\u00bb#000000&#8243; tbl_rhead_text_text_color=\u00bb#FFFFFF\u00bb border_radii_tbl_tcell_cell_border=\u00bbon|21px|21px|21px|21px\u00bb border_width_all_tbl_tcell_cell_border=\u00bb5px\u00bb border_color_all_tbl_tcell_cell_border=\u00bb#be1e2d\u00bb locked=\u00bboff\u00bb global_colors_info=\u00bb{}\u00bb][dvmd_table_maker_item col_content=\u00bb<br \/>\nAncho de pasillo t\u00edpico requerido<br \/>\nCapacidad de doble alcance profundo<br \/>\nMayor utilizaci\u00f3n de pal\u00e9s<br \/>\nElija el lado izquierdo y derecho del pasillo<br \/>\nProductividad incrementada\u00bb col_column_max_width=\u00bb4.5fr\u00bb _builder_version=\u00bb4.16&#8243; _module_preset=\u00bbdefault\u00bb global_colors_info=\u00bb{}\u00bb][\/dvmd_table_maker_item][dvmd_table_maker_item col_label=\u00bbFlexi Narrow Aisle Forklift\u00bb col_content=\u00bbMontacargas Articulado Flexi<br \/>\n6&#8242;<br \/>\nS\u00ed<br \/>\nS\u00ed<br \/>\nS\u00ed<br \/>\nS\u00ed\u00bb col_column_max_width=\u00bb3.5fr\u00bb col_icon_size=\u00bb7px\u00bb col_icon_color=\u00bb#000000&#8243; _builder_version=\u00bb4.16&#8243; _module_preset=\u00bbdefault\u00bb global_colors_info=\u00bb{}\u00bb][\/dvmd_table_maker_item][dvmd_table_maker_item col_label=\u00bbReach Truck\u00bb col_content=\u00bbMontacargas Convencional<br \/>\n12&#8242;<br \/>\nNo<br \/>\nNo<br \/>\nS\u00ed<br \/>\nNo\u00bb col_column_max_width=\u00bb3.5fr\u00bb col_icon_size=\u00bb7px\u00bb col_icon_color=\u00bb#000000&#8243; _builder_version=\u00bb4.16&#8243; _module_preset=\u00bbdefault\u00bb global_colors_info=\u00bb{}\u00bb][\/dvmd_table_maker_item][\/dvmd_table_maker][\/et_pb_column][\/et_pb_row][et_pb_row _builder_version=\u00bb4.16&#8243; custom_padding=\u00bb50px|||||\u00bb global_colors_info=\u00bb{}\u00bb][et_pb_column type=\u00bb4_4&#8243; _builder_version=\u00bb4.16&#8243; global_colors_info=\u00bb{}\u00bb][et_pb_text _builder_version=\u00bb4.16&#8243; header_3_text_align=\u00bbleft\u00bb header_3_font_size=\u00bb21px\u00bb global_colors_info=\u00bb{}\u00bb]<\/p>\n<p style=\"text-align: center;\">Encontrar el montacargas adecuado para su aplicaci\u00f3n es crucial. Ya sea que est\u00e9 buscando aumentar el retorno de la inversi\u00f3n, la seguridad o la eficiencia, elegir el montacargas \u00a0adecuado es fundamental para su \u00e9xito. El montacargas t\u00edpico para operar dentro de un almac\u00e9n es un montacargas contrabalanceado. Este tipo de equipos requieren un mayor pasillo de trabajo, generalmente alrededor de 3.65m o mayor. \u00a0Si su empresa est\u00e1 utilizando montacargas contrabalanceados ahora o necesita incrementar el n\u00famero de posiciones actuales, debe de considerar Flexi por diversas razones.<\/p>\n<p style=\"text-align: center;\">\n<h2 style=\"text-align: center;\">Ventajas de Flexi Sobre un Montacargas Convencional<\/h2>\n<h3><\/h3>\n<ul>\n<li>\n<h3>Los montacargas articulados Flexi pueden operar en pasillos hasta 40% menores.<\/h3>\n<\/li>\n<\/ul>\n<ul>\n<li>\n<h3>Los montacargas articulados Flexi de pasillo muy angosto pueden operar en pasillos desde 1.80 a 2.20 metros,\u00a0\u00a0 mientras un montacargas convencional requiere \u00a0de 3.65m aproximadamente.<\/h3>\n<\/li>\n<\/ul>\n<ul>\n<li>\n<h3>Los montacargas Flexi se operan de manera similar a un autom\u00f3vil: crean m\u00e1s posiciones de almacenaje y son\u00a0 f\u00e1ciles de aprender a operar.<\/h3>\n<\/li>\n<\/ul>\n<ul>\n<li>\n<h3>Los montacargas Flexi de pasillo muy angosto generalmente recuperan el retorno de la inversi\u00f3n dentro de los primeros 18 meses<\/h3>\n<\/li>\n<\/ul>\n<p>[\/et_pb_text][\/et_pb_column][\/et_pb_row][et_pb_row _builder_version=\u00bb4.16&#8243; custom_padding=\u00bb50px|||||\u00bb global_colors_info=\u00bb{}\u00bb][et_pb_column type=\u00bb4_4&#8243; _builder_version=\u00bb4.16&#8243; global_colors_info=\u00bb{}\u00bb][et_pb_text _builder_version=\u00bb4.27.4&#8243; header_4_text_color=\u00bb#cd292a\u00bb header_4_font_size=\u00bb25px\u00bb global_colors_info=\u00bb{}\u00bb]<\/p>\n<h4 style=\"text-align: center;\">Comun\u00edquese con Flexi &#8211; Sunbelt Material Handling para obtener una cotizaci\u00f3n o una comparaci\u00f3n con un montacargas espec\u00edfico para su aplicaci\u00f3n<\/h4>\n<p>[\/et_pb_text][\/et_pb_column][\/et_pb_row][et_pb_row _builder_version=\u00bb4.16&#8243; custom_padding=\u00bb35px|0px||||\u00bb global_colors_info=\u00bb{}\u00bb][et_pb_column type=\u00bb4_4&#8243; _builder_version=\u00bb4.16&#8243; global_colors_info=\u00bb{}\u00bb][et_pb_contact_form email=\u00bbdmorrison@sunbeltmh.com, jgarcia@sunbeltmh.com\u00bb custom_message=\u00bbGracias: un empleado de Flexi &#8211; Sunbelt Material Handling se pondr\u00e1 en contacto con usted en breve.\u00bb use_redirect=\u00bbon\u00bb redirect_url=\u00bbhttps:\/\/narrowaisleinc.com\/thank-you-contact-us-form-spanish\/\u00bb success_message=\u00bb\u00a1Un empleado de Flexi &#8211; Sunbelt Material Handling se pondr\u00e1 en contacto a la brevedad!\u00bb submit_button_text=\u00bbEnviar\u00bb module_id=\u00bbet_pb_contact_form_0&#8243; _builder_version=\u00bb4.27.4&#8243; _unique_id=\u00bbaaa11885-5c6a-4771-9d80-030da902e109&#8243; form_field_font=\u00bb||||||||\u00bb form_field_text_align=\u00bbcenter\u00bb form_field_font_size=\u00bb17px\u00bb custom_button=\u00bbon\u00bb button_text_color=\u00bb#cd292a\u00bb button_border_color=\u00bb#cd292a\u00bb button_icon_color=\u00bb#cd292a\u00bb text_orientation=\u00bbleft\u00bb hover_enabled=\u00bb0&#8243; locked=\u00bboff\u00bb global_colors_info=\u00bb{}\u00bb sticky_enabled=\u00bb0&#8243;][et_pb_contact_field field_id=\u00bbFirst_Name\u00bb field_title=\u00bbNombre \u00bb _builder_version=\u00bb4.16&#8243; text_orientation=\u00bbcenter\u00bb global_colors_info=\u00bb{}\u00bb button_text_size__hover_enabled=\u00bboff\u00bb button_one_text_size__hover_enabled=\u00bboff\u00bb button_two_text_size__hover_enabled=\u00bboff\u00bb button_text_color__hover_enabled=\u00bboff\u00bb button_one_text_color__hover_enabled=\u00bboff\u00bb button_two_text_color__hover_enabled=\u00bboff\u00bb button_border_width__hover_enabled=\u00bboff\u00bb button_one_border_width__hover_enabled=\u00bboff\u00bb button_two_border_width__hover_enabled=\u00bboff\u00bb button_border_color__hover_enabled=\u00bboff\u00bb button_one_border_color__hover_enabled=\u00bboff\u00bb button_two_border_color__hover_enabled=\u00bboff\u00bb button_border_radius__hover_enabled=\u00bboff\u00bb button_one_border_radius__hover_enabled=\u00bboff\u00bb button_two_border_radius__hover_enabled=\u00bboff\u00bb button_letter_spacing__hover_enabled=\u00bboff\u00bb button_one_letter_spacing__hover_enabled=\u00bboff\u00bb button_two_letter_spacing__hover_enabled=\u00bboff\u00bb button_bg_color__hover_enabled=\u00bboff\u00bb button_one_bg_color__hover_enabled=\u00bboff\u00bb button_two_bg_color__hover_enabled=\u00bboff\u00bb][\/et_pb_contact_field][et_pb_contact_field field_id=\u00bbLast_Name\u00bb field_title=\u00bbApellido \u00bb _builder_version=\u00bb4.16&#8243; text_orientation=\u00bbcenter\u00bb global_colors_info=\u00bb{}\u00bb][\/et_pb_contact_field][et_pb_contact_field field_id=\u00bb%%email%%\u00bb field_title=\u00bbEmail \u00bb field_type=\u00bbemail\u00bb _builder_version=\u00bb4.16&#8243; text_orientation=\u00bbcenter\u00bb global_colors_info=\u00bb{}\u00bb button_text_size__hover_enabled=\u00bboff\u00bb button_one_text_size__hover_enabled=\u00bboff\u00bb button_two_text_size__hover_enabled=\u00bboff\u00bb button_text_color__hover_enabled=\u00bboff\u00bb button_one_text_color__hover_enabled=\u00bboff\u00bb button_two_text_color__hover_enabled=\u00bboff\u00bb button_border_width__hover_enabled=\u00bboff\u00bb button_one_border_width__hover_enabled=\u00bboff\u00bb button_two_border_width__hover_enabled=\u00bboff\u00bb button_border_color__hover_enabled=\u00bboff\u00bb button_one_border_color__hover_enabled=\u00bboff\u00bb button_two_border_color__hover_enabled=\u00bboff\u00bb button_border_radius__hover_enabled=\u00bboff\u00bb button_one_border_radius__hover_enabled=\u00bboff\u00bb button_two_border_radius__hover_enabled=\u00bboff\u00bb button_letter_spacing__hover_enabled=\u00bboff\u00bb button_one_letter_spacing__hover_enabled=\u00bboff\u00bb button_two_letter_spacing__hover_enabled=\u00bboff\u00bb button_bg_color__hover_enabled=\u00bboff\u00bb button_one_bg_color__hover_enabled=\u00bboff\u00bb button_two_bg_color__hover_enabled=\u00bboff\u00bb][\/et_pb_contact_field][et_pb_contact_field field_id=\u00bbPhone_Number\u00bb field_title=\u00bbNumero Telef\u00f3nico\u00bb _builder_version=\u00bb4.16&#8243; text_orientation=\u00bbcenter\u00bb global_colors_info=\u00bb{}\u00bb][\/et_pb_contact_field][et_pb_contact_field field_id=\u00bbCompany_Name\u00bb field_title=\u00bbNombre de Empresa \u00bb _builder_version=\u00bb4.16&#8243; text_orientation=\u00bbcenter\u00bb global_colors_info=\u00bb{}\u00bb][\/et_pb_contact_field][et_pb_contact_field field_id=\u00bbCity\u00bb field_title=\u00bbCiudad\u00bb _builder_version=\u00bb4.16&#8243; text_orientation=\u00bbcenter\u00bb global_colors_info=\u00bb{}\u00bb][\/et_pb_contact_field][et_pb_contact_field field_id=\u00bbMessage\u00bb field_title=\u00bbMensaje \u00bb field_type=\u00bbtext\u00bb fullwidth_field=\u00bbon\u00bb _builder_version=\u00bb4.16&#8243; text_orientation=\u00bbcenter\u00bb global_colors_info=\u00bb{}\u00bb button_text_size__hover_enabled=\u00bboff\u00bb button_one_text_size__hover_enabled=\u00bboff\u00bb button_two_text_size__hover_enabled=\u00bboff\u00bb button_text_color__hover_enabled=\u00bboff\u00bb button_one_text_color__hover_enabled=\u00bboff\u00bb button_two_text_color__hover_enabled=\u00bboff\u00bb button_border_width__hover_enabled=\u00bboff\u00bb button_one_border_width__hover_enabled=\u00bboff\u00bb button_two_border_width__hover_enabled=\u00bboff\u00bb button_border_color__hover_enabled=\u00bboff\u00bb button_one_border_color__hover_enabled=\u00bboff\u00bb button_two_border_color__hover_enabled=\u00bboff\u00bb button_border_radius__hover_enabled=\u00bboff\u00bb button_one_border_radius__hover_enabled=\u00bboff\u00bb button_two_border_radius__hover_enabled=\u00bboff\u00bb button_letter_spacing__hover_enabled=\u00bboff\u00bb button_one_letter_spacing__hover_enabled=\u00bboff\u00bb button_two_letter_spacing__hover_enabled=\u00bboff\u00bb button_bg_color__hover_enabled=\u00bboff\u00bb button_one_bg_color__hover_enabled=\u00bboff\u00bb button_two_bg_color__hover_enabled=\u00bboff\u00bb][\/et_pb_contact_field][\/et_pb_contact_form][\/et_pb_column][\/et_pb_row][\/et_pb_section]<\/p>\n","protected":false},"excerpt":{"rendered":"<p>Ventajas de Flexi Sobre un Montacargas Convencional<div class=\"et_pb_with_border et_pb_module dvmd_table_maker dvmd_table_maker_0 dvmd_tm_version_3_1_2\">\n\t\t\t\t\n\t\t\t\t\n\t\t\t\t\n\t\t\t\t\n\t\t\t\t\n\t\t\t\t\n\t\t\t\t<div class=\"et_pb_module_inner\">\n\t\t\t\t\t\n\t\t\t\t<\/div>\n\t\t\t<\/div><div class=\"dvmd_outer\">\n\t\t\t\t\n\t\t\t\t\n\t\t\t\t\n\t\t\t\t\n\t\t\t\t\n\t\t\t\t\n\t\t\t\t<div class=\"dvmd_inner\">\n\t\t\t\t\t\n\t\t\t\t<\/div>\n\t\t\t<\/div><div class=\"dvmd_outer\">\n\t\t\t\t\n\t\t\t\t\n\t\t\t\t\n\t\t\t\t\n\t\t\t\t\n\t\t\t\t\n\t\t\t\t<div class=\"dvmd_inner\">\n\t\t\t\t\t\n\t\t\t\t<\/div>\n\t\t\t<\/div><\/p>\n","protected":false},"author":8,"featured_media":0,"parent":0,"menu_order":0,"comment_status":"closed","ping_status":"closed","template":"","meta":{"_et_pb_use_builder":"on","_et_pb_old_content":"","_et_gb_content_width":"","_monsterinsights_skip_tracking":false,"_monsterinsights_sitenote_active":false,"_monsterinsights_sitenote_note":"","_monsterinsights_sitenote_category":0,"footnotes":""},"class_list":["post-3993","page","type-page","status-publish","hentry"],"yoast_head":"<!-- This site is optimized with the Yoast SEO plugin v27.3 - https:\/\/yoast.com\/product\/yoast-seo-wordpress\/ -->\n<title>Ventajas de Flexi Sobre un Montacargas Convencional<\/title>\n<meta name=\"description\" content=\"Los montacargas de pasillo angosto Flexi operan en pasillos tan peque\u00f1os desde 1.80 metros de ancho en comparaci\u00f3n con los montacargas convencionales con pasillos de 3.65 metros. Cree hasta un 50% m\u00e1s de capacidad de almacenamiento.\" \/>\n<meta name=\"robots\" content=\"index, follow, max-snippet:-1, max-image-preview:large, max-video-preview:-1\" \/>\n<link rel=\"canonical\" href=\"https:\/\/narrowaisleinc.com\/flexi-narrow-aisle-forklift-vs-conventional-forklift\/\" \/>\n<meta property=\"og:locale\" content=\"es_ES\" \/>\n<meta property=\"og:type\" content=\"article\" \/>\n<meta property=\"og:title\" content=\"Ventajas de Flexi Sobre un Montacargas Convencional\" \/>\n<meta property=\"og:description\" content=\"Los montacargas de pasillo angosto Flexi operan en pasillos tan peque\u00f1os desde 1.80 metros de ancho en comparaci\u00f3n con los montacargas convencionales con pasillos de 3.65 metros. Cree hasta un 50% m\u00e1s de capacidad de almacenamiento.\" \/>\n<meta property=\"og:url\" content=\"https:\/\/narrowaisleinc.com\/flexi-narrow-aisle-forklift-vs-conventional-forklift\/\" \/>\n<meta property=\"og:site_name\" content=\"Narrow Aisle\" \/>\n<meta property=\"article:modified_time\" content=\"2025-01-07T17:19:12+00:00\" \/>\n<meta name=\"twitter:card\" content=\"summary_large_image\" \/>\n<meta name=\"twitter:label1\" content=\"Tiempo de lectura\" \/>\n\t<meta name=\"twitter:data1\" content=\"7 minutos\" \/>\n<script type=\"application\/ld+json\" class=\"yoast-schema-graph\">{\"@context\":\"https:\\\/\\\/schema.org\",\"@graph\":[{\"@type\":\"WebPage\",\"@id\":\"https:\\\/\\\/narrowaisleinc.com\\\/flexi-narrow-aisle-forklift-vs-conventional-forklift\\\/\",\"url\":\"https:\\\/\\\/narrowaisleinc.com\\\/flexi-narrow-aisle-forklift-vs-conventional-forklift\\\/\",\"name\":\"Ventajas de Flexi Sobre un Montacargas Convencional\",\"isPartOf\":{\"@id\":\"https:\\\/\\\/narrowaisleinc.com\\\/#website\"},\"datePublished\":\"2020-06-25T16:50:28+00:00\",\"dateModified\":\"2025-01-07T17:19:12+00:00\",\"description\":\"Los montacargas de pasillo angosto Flexi operan en pasillos tan peque\u00f1os desde 1.80 metros de ancho en comparaci\u00f3n con los montacargas convencionales con pasillos de 3.65 metros. Cree hasta un 50% m\u00e1s de capacidad de almacenamiento.\",\"breadcrumb\":{\"@id\":\"https:\\\/\\\/narrowaisleinc.com\\\/flexi-narrow-aisle-forklift-vs-conventional-forklift\\\/#breadcrumb\"},\"inLanguage\":\"es\",\"potentialAction\":[{\"@type\":\"ReadAction\",\"target\":[\"https:\\\/\\\/narrowaisleinc.com\\\/flexi-narrow-aisle-forklift-vs-conventional-forklift\\\/\"]}]},{\"@type\":\"BreadcrumbList\",\"@id\":\"https:\\\/\\\/narrowaisleinc.com\\\/flexi-narrow-aisle-forklift-vs-conventional-forklift\\\/#breadcrumb\",\"itemListElement\":[{\"@type\":\"ListItem\",\"position\":1,\"name\":\"Home\",\"item\":\"https:\\\/\\\/narrowaisleinc.com\\\/\"},{\"@type\":\"ListItem\",\"position\":2,\"name\":\"Comparison &#8211; Flexi vs Conventional Forklift (Spanish)\"}]},{\"@type\":\"WebSite\",\"@id\":\"https:\\\/\\\/narrowaisleinc.com\\\/#website\",\"url\":\"https:\\\/\\\/narrowaisleinc.com\\\/\",\"name\":\"Narrow Aisle\",\"description\":\"Hogar del Montacargas Flexi\",\"potentialAction\":[{\"@type\":\"SearchAction\",\"target\":{\"@type\":\"EntryPoint\",\"urlTemplate\":\"https:\\\/\\\/narrowaisleinc.com\\\/?s={search_term_string}\"},\"query-input\":{\"@type\":\"PropertyValueSpecification\",\"valueRequired\":true,\"valueName\":\"search_term_string\"}}],\"inLanguage\":\"es\"}]}<\/script>\n<!-- \/ Yoast SEO plugin. -->","yoast_head_json":{"title":"Ventajas de Flexi Sobre un Montacargas Convencional","description":"Los montacargas de pasillo angosto Flexi operan en pasillos tan peque\u00f1os desde 1.80 metros de ancho en comparaci\u00f3n con los montacargas convencionales con pasillos de 3.65 metros. Cree hasta un 50% m\u00e1s de capacidad de almacenamiento.","robots":{"index":"index","follow":"follow","max-snippet":"max-snippet:-1","max-image-preview":"max-image-preview:large","max-video-preview":"max-video-preview:-1"},"canonical":"https:\/\/narrowaisleinc.com\/flexi-narrow-aisle-forklift-vs-conventional-forklift\/","og_locale":"es_ES","og_type":"article","og_title":"Ventajas de Flexi Sobre un Montacargas Convencional","og_description":"Los montacargas de pasillo angosto Flexi operan en pasillos tan peque\u00f1os desde 1.80 metros de ancho en comparaci\u00f3n con los montacargas convencionales con pasillos de 3.65 metros. Cree hasta un 50% m\u00e1s de capacidad de almacenamiento.","og_url":"https:\/\/narrowaisleinc.com\/flexi-narrow-aisle-forklift-vs-conventional-forklift\/","og_site_name":"Narrow Aisle","article_modified_time":"2025-01-07T17:19:12+00:00","twitter_card":"summary_large_image","twitter_misc":{"Tiempo de lectura":"7 minutos"},"schema":{"@context":"https:\/\/schema.org","@graph":[{"@type":"WebPage","@id":"https:\/\/narrowaisleinc.com\/flexi-narrow-aisle-forklift-vs-conventional-forklift\/","url":"https:\/\/narrowaisleinc.com\/flexi-narrow-aisle-forklift-vs-conventional-forklift\/","name":"Ventajas de Flexi Sobre un Montacargas Convencional","isPartOf":{"@id":"https:\/\/narrowaisleinc.com\/#website"},"datePublished":"2020-06-25T16:50:28+00:00","dateModified":"2025-01-07T17:19:12+00:00","description":"Los montacargas de pasillo angosto Flexi operan en pasillos tan peque\u00f1os desde 1.80 metros de ancho en comparaci\u00f3n con los montacargas convencionales con pasillos de 3.65 metros. Cree hasta un 50% m\u00e1s de capacidad de almacenamiento.","breadcrumb":{"@id":"https:\/\/narrowaisleinc.com\/flexi-narrow-aisle-forklift-vs-conventional-forklift\/#breadcrumb"},"inLanguage":"es","potentialAction":[{"@type":"ReadAction","target":["https:\/\/narrowaisleinc.com\/flexi-narrow-aisle-forklift-vs-conventional-forklift\/"]}]},{"@type":"BreadcrumbList","@id":"https:\/\/narrowaisleinc.com\/flexi-narrow-aisle-forklift-vs-conventional-forklift\/#breadcrumb","itemListElement":[{"@type":"ListItem","position":1,"name":"Home","item":"https:\/\/narrowaisleinc.com\/"},{"@type":"ListItem","position":2,"name":"Comparison &#8211; Flexi vs Conventional Forklift (Spanish)"}]},{"@type":"WebSite","@id":"https:\/\/narrowaisleinc.com\/#website","url":"https:\/\/narrowaisleinc.com\/","name":"Narrow Aisle","description":"Hogar del Montacargas Flexi","potentialAction":[{"@type":"SearchAction","target":{"@type":"EntryPoint","urlTemplate":"https:\/\/narrowaisleinc.com\/?s={search_term_string}"},"query-input":{"@type":"PropertyValueSpecification","valueRequired":true,"valueName":"search_term_string"}}],"inLanguage":"es"}]}},"_links":{"self":[{"href":"https:\/\/narrowaisleinc.com\/es\/wp-json\/wp\/v2\/pages\/3993","targetHints":{"allow":["GET"]}}],"collection":[{"href":"https:\/\/narrowaisleinc.com\/es\/wp-json\/wp\/v2\/pages"}],"about":[{"href":"https:\/\/narrowaisleinc.com\/es\/wp-json\/wp\/v2\/types\/page"}],"author":[{"embeddable":true,"href":"https:\/\/narrowaisleinc.com\/es\/wp-json\/wp\/v2\/users\/8"}],"replies":[{"embeddable":true,"href":"https:\/\/narrowaisleinc.com\/es\/wp-json\/wp\/v2\/comments?post=3993"}],"version-history":[{"count":19,"href":"https:\/\/narrowaisleinc.com\/es\/wp-json\/wp\/v2\/pages\/3993\/revisions"}],"predecessor-version":[{"id":5264,"href":"https:\/\/narrowaisleinc.com\/es\/wp-json\/wp\/v2\/pages\/3993\/revisions\/5264"}],"wp:attachment":[{"href":"https:\/\/narrowaisleinc.com\/es\/wp-json\/wp\/v2\/media?parent=3993"}],"curies":[{"name":"wp","href":"https:\/\/api.w.org\/{rel}","templated":true}]}}